{"id":2,"date":"2024-11-25T19:40:46","date_gmt":"2024-11-25T19:40:46","guid":{"rendered":"http:\/\/tpzl.info\/?page_id=2"},"modified":"2024-11-25T20:56:39","modified_gmt":"2024-11-25T20:56:39","slug":"sample-page","status":"publish","type":"page","link":"https:\/\/tpzl.info\/index.php\/sample-page\/","title":{"rendered":"Kontakt"},"content":{"rendered":"\n<p>ADRES NASZEJ SIEDZIBY<br>Towarzystwo Przyjaci\u00f3\u0142 Ziemi \u0141osickiej<br>ul. Berka Joselewicza 13<br>08-200 \u0141osice<br><br>TELEFONY<br>Prezes: 608 366 923<br>Sekretarz: 605 242 089<br>Skarbnik: 660 634 362<\/p>\n\n\n\n<p>E-MAIL:\u00a0<a href=\"mailto:tpzl@onet.pl\">tpzl@onet.pl<\/a><br><br>NUMER KONTA: 58 8038 0007 0001 7141 2000 0010<br><br>ZEBRANIA ZARZ\u0104DU odbywaj\u0105 si\u0119 w ostatni poniedzia\u0142ek ka\u017cdego miesi\u0105ca, z przerw\u0105 wakacyjn\u0105. \u00a0<br><br>Serdecznie zapraszamy do wsp\u00f3\u0142pracy i uczestnictwa w naszej dzia\u0142alno\u015bci.<\/p>\n","protected":false},"excerpt":{"rendered":"<p>ADRES NASZEJ SIEDZIBYTowarzystwo Przyjaci\u00f3\u0142 Ziemi \u0141osickiejul. Berka Joselewicza 1308-200 \u0141osice TELEFONYPrezes: 608 366 923Sekretarz: 605 242 089Skarbnik: 660 634 362 E-MAIL:\u00a0tpzl@onet.pl NUMER KONTA: 58 8038 0007 0001 7141 2000 0010 ZEBRANIA ZARZ\u0104DU odbywaj\u0105 si\u0119 w ostatni poniedzia\u0142ek ka\u017cdego miesi\u0105ca, z przerw\u0105 wakacyjn\u0105. \u00a0 Serdecznie zapraszamy do wsp\u00f3\u0142pracy i uczestnictwa w naszej dzia\u0142alno\u015bci.<\/p>\n","protected":false},"author":1,"featured_media":0,"parent":0,"menu_order":0,"comment_status":"closed","ping_status":"open","template":"","meta":{"footnotes":""},"class_list":["post-2","page","type-page","status-publish","hentry"],"_links":{"self":[{"href":"https:\/\/tpzl.info\/index.php\/wp-json\/wp\/v2\/pages\/2","targetHints":{"allow":["GET"]}}],"collection":[{"href":"https:\/\/tpzl.info\/index.php\/wp-json\/wp\/v2\/pages"}],"about":[{"href":"https:\/\/tpzl.info\/index.php\/wp-json\/wp\/v2\/types\/page"}],"author":[{"embeddable":true,"href":"https:\/\/tpzl.info\/index.php\/wp-json\/wp\/v2\/users\/1"}],"replies":[{"embeddable":true,"href":"https:\/\/tpzl.info\/index.php\/wp-json\/wp\/v2\/comments?post=2"}],"version-history":[{"count":3,"href":"https:\/\/tpzl.info\/index.php\/wp-json\/wp\/v2\/pages\/2\/revisions"}],"predecessor-version":[{"id":13,"href":"https:\/\/tpzl.info\/index.php\/wp-json\/wp\/v2\/pages\/2\/revisions\/13"}],"wp:attachment":[{"href":"https:\/\/tpzl.info\/index.php\/wp-json\/wp\/v2\/media?parent=2"}],"curies":[{"name":"wp","href":"https:\/\/api.w.org\/{rel}","templated":true}]}}