{"id":33,"date":"2024-11-25T21:20:56","date_gmt":"2024-11-25T21:20:56","guid":{"rendered":"https:\/\/tpzl.info\/?page_id=33"},"modified":"2024-12-13T08:41:26","modified_gmt":"2024-12-13T08:41:26","slug":"historia","status":"publish","type":"page","link":"https:\/\/tpzl.info\/index.php\/historia\/","title":{"rendered":"Historia"},"content":{"rendered":"\n<div class=\"wp-block-columns is-layout-flex wp-container-core-columns-is-layout-9d6595d7 wp-block-columns-is-layout-flex\">\n<div class=\"wp-block-column is-layout-flow wp-block-column-is-layout-flow\" style=\"flex-basis:66.66%\">\n<p>W 1965 roku, grupa za\u0142o\u017cycielska w sk\u0142adzie: Micha\u0142 Lelejko, Romuald Mikoszewski, J\u00f3zef Rumik, Marian Wycz\u00f3\u0142kowski zak\u0142ada stowarzyszenie TPZ\u0141.<br>W 1989 roku dzia\u0142alno\u015b\u0107 stowarzyszenia zosta\u0142a zawieszenia.<br>W 1997 roku nast\u0105pi\u0142a reaktywacja dzia\u0142alno\u015bci.<\/p>\n<\/div>\n\n\n\n<div class=\"wp-block-column is-layout-flow wp-block-column-is-layout-flow\" style=\"flex-basis:33.33%\">\n<p>Prezesi Zarz\u0105du TPZ\u0141:<br>1965 &#8211; 1974 Marian Wycz\u00f3\u0142kowski<br>1975 &#8211; 1989 Ryszard Chojecki<br>1997 &#8211; 2010 Tomasz Dobrowolski<br>2010 &#8211; 2018 Stefan Sza\u0144kowski<br>2018 &#8211; 2022 Katarzyna Kobyli\u0144ska-Chry\u0107<br>Od 2022 &#8211; Wanda Fr\u0105czek<\/p>\n<\/div>\n<\/div>\n\n\n\n<p class=\"has-text-align-left\">Towarzystwo Przyjaci\u00f3\u0142 Ziemi \u0141osickiej powsta\u0142o w 1965 roku na fali o\u017cywienia ruchu regionalnego zwi\u0105zanego z obchodami 1000-lecia Pa\u0144stwa polskiego oraz wzrostu zainteresowania przesz\u0142o\u015bci\u0105 Ziemi Najbli\u017cszej. Grupa lokalnych spo\u0142ecznik\u00f3w i mi\u0142o\u015bnik\u00f3w ziemi rodzinnej, panowie: Micha\u0142 Lelejko, Romuald Mikoszewski, J\u00f3zef Rumik, Marian Wycz\u00f3\u0142kowski za\u0142o\u017cyli pierwsze na Ziemi \u0141osickiej stowarzyszenie regionalne.<br><br>Od pierwszych dni swego istnienia TPZ\u0141 zaanga\u017cowa\u0142o si\u0119 w przygotowanie obchod\u00f3w 700 lecia \u0141osic. 17&nbsp;IX 1966 r. zorganizowana zosta\u0142a sesja popularnonaukowa, kt\u00f3rej ilustracj\u0105 materia\u0142ow\u0105 by\u0142a wystawa historyczna pt. &#8222;VII wiek\u00f3w \u0141osic&#8221; przygotowan\u0105 przez Archiwum Pa\u0144stwowe m. st. Warszawy i wojew\u00f3dztwa mazowieckiego (w\u00f3wczas warszawskiego). R\u00f3wnie\u017c owocem tej sesji by\u0142a pozycja ksi\u0105\u017ckowa pt. &#8222;\u0141osice 1264-1966&#8221; (wyd. 1969 r.) jako pierwsza publikacja b\u0119d\u0105ca pr\u00f3b\u0105 podsumowania dziej\u00f3w miasta i regionu.<br><br>700 lecie \u0141osic uczczono tak\u017ce wydaniem jubileuszowego medalu, kt\u00f3rego projekt graficzny przygotowany zosta\u0142 przez Romualda Mikoszewskiego, aktywnego dzia\u0142acza TPZ\u0141, spo\u0142ecznika i inicjatora wielu przedsi\u0119wzi\u0119\u0107 kulturalnych, zdecydowanego obro\u0144c\u0119 &#8222;Starostwa&#8221;. Dla upami\u0119tnienia jego zas\u0142ug w&nbsp;dziedzinie kultury, co roku jest organizowany przez TPZ\u0141 i \u0141DK przy wsp\u00f3\u0142pracy Urz\u0119du Marsza\u0142kowskiego konkurs literacki imienia Romualda III Mikoszewskiego &#8211; &#8222;Ziemia Najbli\u017csza&#8221;.<br><br>Ka\u017cda z postaci grupy za\u0142o\u017cycielskiej Towarzystwa, to indywidualno\u015b\u0107 wyr\u00f3\u017cniaj\u0105ca si\u0119 talentem artystycznym, spo\u0142ecznikowskim i wielkim poczuciem lokalnego patriotyzmu.<br><br>Marian Wycz\u00f3\u0142kowski, kolekcjoner ciekawych zbior\u00f3w archeologicznych, etnograficznych i historycznych zwi\u0105zanych z Ziemi\u0105 \u0141osick\u0105, pierwszy prezes Towarzystwa Przyjaci\u00f3\u0142 Ziemi \u0141osickiej i za\u0142o\u017cyciel oddzia\u0142u PTTK w \u0141osicach.<br><br>J\u00f3zef Rumik, wieloletni burmistrz \u0141osic, spo\u0142ecznik, znawca historii miasta i regionu. Pani Aniela Rumik-Pawelec (c\u00f3rka) bogat\u0105 kolekcj\u0119 zbior\u00f3w historycznych swojego ojca (J\u00f3zefa Rumika) przekaza\u0142a na poczet eksponat\u00f3w przysz\u0142ego muzeum regionalnego w \u0141osicach.<br><br>Micha\u0142 Lelejko, nauczyciel i wychowawca, mi\u0142o\u015bnik historii swojego miasta i regionu, wyr\u00f3\u017cniaj\u0105cy si\u0119 aktywno\u015bci\u0105 spo\u0142eczn\u0105, sekretarz TPZ\u0141 dw\u00f3ch kadencji.<br><br>Do grupy za\u0142o\u017cycieli TPZ\u0141 w nast\u0119pnych latach do\u0142\u0105czyli ludzie, kt\u00f3rzy na polu kultury naszego regionu wykonali ogromn\u0105 i bardzo po\u017cyteczn\u0105 prac\u0119 wpisuj\u0105c si\u0119 w histori\u0119 Ziemi \u0141osickiej, Podlasia a nawet kraju. Byli to: Tadeusz Bana\u015b, nauczyciel, dzia\u0142acz spo\u0142eczno-kulturalny, zbieracz oryginalnego folkloru muzycznego podlaskiej wsi i tw\u00f3rca Zespo\u0142u Pie\u015bni i Ta\u0144ca &#8222;Podlasie&#8221;, organizator ch\u00f3r\u00f3w szkolnych, zespo\u0142\u00f3w instrumentalnych i wokalnych.<br><br>Ryszard Chojecki, nauczyciel, spo\u0142ecznik, znawca i badacz przesz\u0142o\u015bci regionu, poeta literat. Przez wiele lat walczy\u0142 o uratowanie od rozbi\u00f3rki, zabezpieczenie , a nast\u0119pnie renowacj\u0119 budynku &#8222;Starostwa&#8221; na cele muzealne, prezes Towarzystwa przez wiele kadencji.<br><br>Franciszek Krasuski, pedagog, poeta i regionalista ziemi serpelickiej, jak wie\u015b\u0107 niesie &#8211; najpi\u0119kniejszego skrawka Ziemi \u0141osickiej. Cz\u0142onek ZLP tak o nim pisa\u0142: &#8222;Autor jest poet\u0105 znanym ju\u017c nie tylko w regionie (&#8230;), to tw\u00f3rca niezwykle p\u0142odny. \u017byje z dala od literackich centr\u00f3w, radzi sobie doskonale i bez kompleks\u00f3w uprawia z powodzeniem liryk\u0119, satyr\u0119 i fraszk\u0119. Upar\u0142 si\u0119 by\u0107 poet\u0105 prowincji i zamiar ten dobrze realizuje.&#8221;<br><br>Po niespe\u0142na dziesi\u0119cioletniej przerwie, w 1997 roku, dzi\u0119ki aktywnemu zespo\u0142owi (m.in. p. p. Tomasz Dobrowolski, Krzysztof Dzio\u0142ak, Mieczys\u0142aw Czarnecki, Ewa Kowalska, Jadwiga Parafia\u0144czuk) uda\u0142o si\u0119 reaktywowa\u0107 TPZ\u0141, kt\u00f3re w chwili obecnej ma pe\u0142n\u0105 osobowo\u015b\u0107 prawn\u0105 (Rejestr S\u0105dowy).<\/p>\n","protected":false},"excerpt":{"rendered":"<p>W 1965 roku, grupa za\u0142o\u017cycielska w sk\u0142adzie: Micha\u0142 Lelejko, Romuald Mikoszewski, J\u00f3zef Rumik, Marian Wycz\u00f3\u0142kowski zak\u0142ada stowarzyszenie TPZ\u0141.W 1989 roku dzia\u0142alno\u015b\u0107 stowarzyszenia zosta\u0142a zawieszenia.W 1997 roku nast\u0105pi\u0142a reaktywacja dzia\u0142alno\u015bci. Prezesi Zarz\u0105du TPZ\u0141:1965 &#8211; 1974 Marian Wycz\u00f3\u0142kowski1975 &#8211; 1989 Ryszard Chojecki1997 &#8211; 2010 Tomasz Dobrowolski2010 &#8211; 2018 Stefan Sza\u0144kowski2018 &#8211; 2022 Katarzyna Kobyli\u0144ska-Chry\u0107Od 2022 &#8211; Wanda [&hellip;]<\/p>\n","protected":false},"author":1,"featured_media":0,"parent":0,"menu_order":0,"comment_status":"closed","ping_status":"closed","template":"","meta":{"footnotes":""},"class_list":["post-33","page","type-page","status-publish","hentry"],"_links":{"self":[{"href":"https:\/\/tpzl.info\/index.php\/wp-json\/wp\/v2\/pages\/33","targetHints":{"allow":["GET"]}}],"collection":[{"href":"https:\/\/tpzl.info\/index.php\/wp-json\/wp\/v2\/pages"}],"about":[{"href":"https:\/\/tpzl.info\/index.php\/wp-json\/wp\/v2\/types\/page"}],"author":[{"embeddable":true,"href":"https:\/\/tpzl.info\/index.php\/wp-json\/wp\/v2\/users\/1"}],"replies":[{"embeddable":true,"href":"https:\/\/tpzl.info\/index.php\/wp-json\/wp\/v2\/comments?post=33"}],"version-history":[{"count":6,"href":"https:\/\/tpzl.info\/index.php\/wp-json\/wp\/v2\/pages\/33\/revisions"}],"predecessor-version":[{"id":153,"href":"https:\/\/tpzl.info\/index.php\/wp-json\/wp\/v2\/pages\/33\/revisions\/153"}],"wp:attachment":[{"href":"https:\/\/tpzl.info\/index.php\/wp-json\/wp\/v2\/media?parent=33"}],"curies":[{"name":"wp","href":"https:\/\/api.w.org\/{rel}","templated":true}]}}