{"id":37,"date":"2024-11-25T21:28:23","date_gmt":"2024-11-25T21:28:23","guid":{"rendered":"https:\/\/tpzl.info\/?page_id=37"},"modified":"2024-12-01T13:23:32","modified_gmt":"2024-12-01T13:23:32","slug":"osiagniecia-i-zadania","status":"publish","type":"page","link":"https:\/\/tpzl.info\/index.php\/osiagniecia-i-zadania\/","title":{"rendered":"Osi\u0105gni\u0119cia i zadania"},"content":{"rendered":"\n<p>Na poczet osi\u0105gni\u0119\u0107 naszego Towarzystwa nale\u017cy zapisa\u0107:<\/p>\n\n\n\n<ul class=\"wp-block-list\">\n<li>W 1999 r. w 400lecie powstania Unii Brzeskiej wzniesione zosta\u0142y tablice pami\u0105tkowe przy ul. Bialskiej i Pi\u0142sudskiego w \u0141osicach. W tych miejscach od XVII do pocz\u0105tku XX wieku funkcjonowa\u0142y cerkwie unickie, a przy nich cmentarze grzebalne. Nale\u017cy nadmieni\u0107, \u017ce tablice wzniesione zosta\u0142y dzi\u0119ki ofiarno\u015bci i zaanga\u017cowaniu spo\u0142ecznemu mieszka\u0144c\u00f3w. Pozyskane fundusze z publicznej zbi\u00f3rki pieni\u0119\u017cnej wykorzystano r\u00f3wnie\u017c do ufundowania pierwszej na Podlasiu tablicy po\u015bwi\u0119conej Janowi Paw\u0142owi II. Tablica ta upami\u0119tnia wizyt\u0119 Papie\u017ca na Naszej Ziemi w 1999 r. Wszystkie te tablice zosta\u0142y po\u015bwi\u0119cone przez Ojca \u015awi\u0119tego 10 czerwca 1999 r. na celebrowanej przez Niego mszy \u015bwi\u0119tej w Siedlcach podczas Pielgrzymki Podlaskiej.<\/li>\n\n\n\n<li>W celu opracowania i upowszechniania historii Ziemi \u0141osickiej TPZ\u0141 organizuje cykliczne konferencje popularnonaukowe, do udzia\u0142u w kt\u00f3rych zaproszeni s\u0105 znawcy problemu z o\u015brodk\u00f3w akademickich: Bia\u0142egostoku, Lublina, Warszawy i Siedlec.<\/li>\n<\/ul>\n\n\n\n<p><\/p>\n\n\n\n<p>Do chwili obecnej odby\u0142y si\u0119 konferencje o nast\u0119puj\u0105cej tematyce:<\/p>\n\n\n\n<ul class=\"wp-block-list\">\n<li>Unici Ziemi \u0141osickiej &#8211; 400lecie Unii Brzeskiej. (Maj 1998)<\/li>\n\n\n\n<li>Dzieje o\u015bwiaty na Ziemi \u0141osickiej XIX-XXw. (Maj 2001)<\/li>\n\n\n\n<li>Ziemi \u0141osickiej drogi do niepodleg\u0142o\u015bci. (Listopad 2002)<\/li>\n\n\n\n<li>Ziemia \u0141osicka &#8211; mozaika religijno-kulturowa i polityczna. (Listopad 2004)<\/li>\n\n\n\n<li>Rozw\u00f3j administracyjno-gospodarczy Ziemi \u0141osickiej. (Listopad 2005)<\/li>\n\n\n\n<li>Przemiany gospodarczo-spo\u0142eczne i kulturowo-obyczajowe na Ziemi \u0141osickiej. (Grudzie\u0144 2006)<\/li>\n\n\n\n<li>Wybitne jednostki w dziejach Ziemi \u0141osickiej i ich wp\u0142yw na rozw\u00f3j regionu i kraju. (Grudzie\u0144 2007)<\/li>\n\n\n\n<li>Mniejszo\u015bci religijno-narodowe Po\u0142udniowego Podlasia ze szczeg\u00f3lnym uwzgl\u0119dnieniem Ziemi \u0141osickiej. (Listopad 2008)<\/li>\n\n\n\n<li>70 lat Zbrodni Katy\u0144skiej &#8211; losy katyniak\u00f3w z Ziemi \u0141osickiej. (Listopad 2009)<\/li>\n\n\n\n<li>500 lat parafii pw. \u015bw. Zygmunta w \u0141osicach &#8211; Dzieje Chrze\u015bcija\u0144stwa na Ziemi \u0141osickiej. (Listopad 2011)<\/li>\n\n\n\n<li>Odchodz\u0105cy \u015bwiat rzemios\u0142a i sztuki ludowej. (Listopad 2012)<\/li>\n\n\n\n<li>150 lat Powstania Styczniowego na Ziemi \u0141osickiej. (Grudzie\u0144 2013)<\/li>\n\n\n\n<li>Flora i fauna Ziemi \u0141osickiej (Wrzesie\u0144 2014 &#8211; sesja wyjazdowa w Sarnakach)<\/li>\n\n\n\n<li>50 lat Towarzystwa Przyjaci\u00f3\u0142 Ziemi \u0141osickiej. (Pa\u017adziernik 2015 &#8211; sesja jubileuszowa)<\/li>\n\n\n\n<li>Okoliczno\u015bci zrzutu XXI ekipy Cichociemnych, \u017co\u0142nierzy AK na plac\u00f3wk\u0119 &#8222;Puchacz&#8221;.<\/li>\n\n\n\n<li>Dziedzictwo kulturowe Ziemi \u0141osickiej.<\/li>\n\n\n\n<li>Dla Niepodleg\u0142ej &#8211; Ojczyzno Moja, Ziemio Polska.<\/li>\n\n\n\n<li>Przemiany osadnicze w dorzeczu g\u00f3rnej Tocznej we wczesnym i p\u00f3\u017anym \u015bredniowieczu.<\/li>\n\n\n\n<li>W dolinie Tocznej.<\/li>\n\n\n\n<li> *&nbsp; 20) Kolej\u0105 przez Ziemi\u0119 \u0141osick\u0105.<\/li>\n<\/ul>\n\n\n\n<figure class=\"wp-block-gallery has-nested-images columns-default is-cropped wp-block-gallery-1 is-layout-flex wp-block-gallery-is-layout-flex\">\n<figure class=\"wp-block-image size-large\"><img loading=\"lazy\" decoding=\"async\" width=\"1024\" height=\"768\" data-id=\"76\" src=\"https:\/\/tpzl.info\/wp-content\/uploads\/2024\/12\/osiagniecia-i-historia-2-1024x768.jpg\" alt=\"\" class=\"wp-image-76\" srcset=\"https:\/\/tpzl.info\/wp-content\/uploads\/2024\/12\/osiagniecia-i-historia-2-1024x768.jpg 1024w, https:\/\/tpzl.info\/wp-content\/uploads\/2024\/12\/osiagniecia-i-historia-2-300x225.jpg 300w, https:\/\/tpzl.info\/wp-content\/uploads\/2024\/12\/osiagniecia-i-historia-2-768x576.jpg 768w, https:\/\/tpzl.info\/wp-content\/uploads\/2024\/12\/osiagniecia-i-historia-2.jpg 1134w\" sizes=\"auto, (max-width: 1024px) 100vw, 1024px\" \/><\/figure>\n\n\n\n<figure class=\"wp-block-image size-large\"><img loading=\"lazy\" decoding=\"async\" width=\"1024\" height=\"768\" data-id=\"75\" src=\"https:\/\/tpzl.info\/wp-content\/uploads\/2024\/12\/osiagniecia-i-historia-1-1024x768.jpg\" alt=\"\" class=\"wp-image-75\" srcset=\"https:\/\/tpzl.info\/wp-content\/uploads\/2024\/12\/osiagniecia-i-historia-1-1024x768.jpg 1024w, https:\/\/tpzl.info\/wp-content\/uploads\/2024\/12\/osiagniecia-i-historia-1-300x225.jpg 300w, https:\/\/tpzl.info\/wp-content\/uploads\/2024\/12\/osiagniecia-i-historia-1-768x576.jpg 768w, https:\/\/tpzl.info\/wp-content\/uploads\/2024\/12\/osiagniecia-i-historia-1.jpg 1134w\" sizes=\"auto, (max-width: 1024px) 100vw, 1024px\" \/><\/figure>\n<\/figure>\n\n\n\n<p>Ka\u017cda taka sesja to przybli\u017canie dziej\u00f3w miasta i regionu, wydarze\u0144 i ludzi z dalszej i bli\u017cszej przesz\u0142o\u015bci dzisiejszym \u0141osiczanom. To spopularyzowanie bogatej historii Ziemi \u0141osickiej i ciekawej, a ci\u0105gle jeszcze s\u0142abo znanej, przesz\u0142o\u015bci Podlasia wchodz\u0105cego w obr\u0119b wojew\u00f3dztwa mazowieckiego. Dzi\u0119ki wsp\u00f3\u0142pracy z Muzeum Historii Ruchu Ludowego w Warszawie po ka\u017cdej konferencji w ramach &#8222;Podlaskich Spotka\u0144 Historycznych&#8221; ukazuje si\u0119 ilustrowane wydanie ksi\u0105\u017ckowe, kt\u00f3re jest zbiorem referat\u00f3w wyg\u0142oszonych na sesji. <a href=\"https:\/\/tpzl.info\/index.php\/publikacje\/\" data-type=\"page\" data-id=\"88\">W ten spos\u00f3b Ziemia \u0141osicka ma ju\u017c poka\u017any dorobek literacki w postaci publikacji prasowych, ksi\u0105\u017cek i album\u00f3w.<\/a><\/p>\n\n\n\n<p>Marzeniem naszym jest przygotowanie i wydanie pe\u0142nej monografii \u0141osic.<\/p>\n\n\n\n<p>Z uwagi na bardzo skromne dochody w\u0142asne, pochodz\u0105ce tylko ze sk\u0142adek cz\u0142onkowskich, przy wydaniu ka\u017cdej publikacji zwracamy si\u0119 z pro\u015bb\u0105 do firm i urz\u0119d\u00f3w o dofinansowanie.<\/p>\n\n\n\n<p>Dzi\u0119kujemy w tym miejscu firmom dzia\u0142aj\u0105cym na naszym terenie za wsparcie finansowe naszych publikacji. Ka\u017cda wydana ksi\u0105\u017cka zawiera wykaz darczy\u0144c\u00f3w, kt\u00f3rym sk\u0142adamy jeszcze raz serdeczne podzi\u0119kowania.<\/p>\n\n\n\n<p>TPZ\u0141 organizuje cyklicznie konkursy szkolne &#8222;Wiedza o Ziemi \u0141osickiej&#8221;<\/p>\n\n\n\n<p>Osobom prywatnym i firmom zaanga\u017cowanym w promowanie naszego regionu w 2000 r. ustanowiona zosta\u0142a odznaka &#8222;<strong>Zas\u0142u\u017cony dla Ziemi \u0141osickiej<\/strong>.&#8221; Ten honorowy tytu\u0142&nbsp; za szczeg\u00f3lne zas\u0142ugi na polu kultury i dziedzictwa regionalnego Naszej Ma\u0142ej Ojczyzny otrzyma\u0142y nast\u0119puj\u0105ce osoby i firmy (niekt\u00f3rzy po\u015bmiertnie).<\/p>\n\n\n\n<p><a href=\"https:\/\/tpzl.info\/index.php\/zasluzony-dla-ziemi-losickiej\/\">Lista os\u00f3b i firm kt\u00f3re otrzyma\u0142y plakiet\u0119 &#8222;Zas\u0142u\u017cony dla Ziemi \u0141osickiej.&#8221;<\/a><\/p>\n\n\n\n<p>W planie pracy Zarz\u0105du TPZ\u0141 na 2005 rok du\u017co miejsca i czasu po\u015bwi\u0119cono przygotowaniu 500lecia nadania \u0141osicom praw miejskich. W sk\u0142ad og\u00f3lnomiejskiego komitetu organizacyjnego z ramienia TPZ\u0141 weszli: Tomasz Dobrowolski, Krzysztof Dzio\u0142ak, Jadwiga Michaluk, Jadwiga Parafia\u0144czuk, czynnie uczestnicz\u0105c w przygotowaniu programu i przebiegu dwudniowych uroczysto\u015bci 11-12 czerwca 2005&nbsp;r.<\/p>\n\n\n\n<p>Szczeg\u00f3ln\u0105 opiek\u0105 i trosk\u0105 cz\u0142onk\u00f3w TPZ\u0141 s\u0105 otoczone miejsca pami\u0119ci narodowej:<br>&#8211; odnowione zosta\u0142y kwatery \u017co\u0142nierskie z I Wojny \u015awiatowej w Ch\u0142opkowie (pan Dariusz Kazun)<br>&#8211; cmentarz unicki w Chotyczach (pan Jan Kobyli\u0144ski)<br>&#8211; wesp\u00f3\u0142 z kombatantami AK wzniesiony zosta\u0142 pomnik-kurhan w okolicach Mszanny, w miejscu gdzie polegli powsta\u0144cy styczniowi w 1863r.<br>&#8211; w przygotowaniu jest dokumentacja merytoryczna i architektoniczna dotycz\u0105ca upami\u0119tnienia miejsca zrzutu w 1943 r. trzech oficer\u00f3w AK &#8222;Cichociemnych&#8221; w regionie wsi \u0141apki.<\/p>\n\n\n\n<p>W ramach Og\u00f3lnopolskiego Programu &#8222;Katy\u0144 &#8211; ocali\u0107 od zapomnienia,&#8221; dzi\u0119ki inicjatywie TPZ\u0141 17 wrze\u015bnia 2009 r. zorganizowano uroczyste obchody 70 rocznicy napa\u015bci hitlerowsko-sowieckiej na Polsk\u0119 oraz zbli\u017caj\u0105cej si\u0119 rocznicy zbrodni katy\u0144skiej.<\/p>\n\n\n\n<figure class=\"wp-block-image size-full is-resized\"><img loading=\"lazy\" decoding=\"async\" width=\"605\" height=\"397\" src=\"https:\/\/tpzl.info\/wp-content\/uploads\/2024\/12\/osiagniecia-i-historia-3.jpg\" alt=\"\" class=\"wp-image-77\" style=\"width:840px;height:auto\" srcset=\"https:\/\/tpzl.info\/wp-content\/uploads\/2024\/12\/osiagniecia-i-historia-3.jpg 605w, https:\/\/tpzl.info\/wp-content\/uploads\/2024\/12\/osiagniecia-i-historia-3-300x197.jpg 300w\" sizes=\"auto, (max-width: 605px) 100vw, 605px\" \/><\/figure>\n\n\n\n<p>Podczas tej uroczysto\u015bci skwerowi u zbiegu ulic 1go Maja i Moniuszki nadano imi\u0119 &#8222;M\u0119czennik\u00f3w Katynia.&#8221; Ods\u0142oni\u0119to r\u00f3wnie\u017c tablic\u0119 pami\u0105tkow\u0105 oraz tabliczki imienne ofiar zbrodni katy\u0144skiej i zasadzono d\u0119by upami\u0119tniaj\u0105ce ofiary pochodz\u0105ce z naszej ziemi.<\/p>\n\n\n\n<figure class=\"wp-block-gallery has-nested-images columns-default is-cropped wp-block-gallery-2 is-layout-flex wp-block-gallery-is-layout-flex\">\n<figure class=\"wp-block-image size-large\"><img loading=\"lazy\" decoding=\"async\" width=\"605\" height=\"400\" data-id=\"79\" src=\"https:\/\/tpzl.info\/wp-content\/uploads\/2024\/12\/osiagniecia-i-historia-5.jpg\" alt=\"\" class=\"wp-image-79\" srcset=\"https:\/\/tpzl.info\/wp-content\/uploads\/2024\/12\/osiagniecia-i-historia-5.jpg 605w, https:\/\/tpzl.info\/wp-content\/uploads\/2024\/12\/osiagniecia-i-historia-5-300x198.jpg 300w\" sizes=\"auto, (max-width: 605px) 100vw, 605px\" \/><\/figure>\n\n\n\n<figure class=\"wp-block-image size-large\"><img loading=\"lazy\" decoding=\"async\" width=\"605\" height=\"418\" data-id=\"78\" src=\"https:\/\/tpzl.info\/wp-content\/uploads\/2024\/12\/osiagniecia-i-historia-4.jpg\" alt=\"\" class=\"wp-image-78\" srcset=\"https:\/\/tpzl.info\/wp-content\/uploads\/2024\/12\/osiagniecia-i-historia-4.jpg 605w, https:\/\/tpzl.info\/wp-content\/uploads\/2024\/12\/osiagniecia-i-historia-4-300x207.jpg 300w\" sizes=\"auto, (max-width: 605px) 100vw, 605px\" \/><\/figure>\n<\/figure>\n\n\n\n<p>R\u00f3wnie\u017c w ramach tego programu, zorganizowane zosta\u0142y dwa spotkania historyczne z pracownikami naukowymi IPN, w kt\u00f3rych uczestniczy\u0142a m\u0142odzie\u017c szk\u00f3\u0142 \u0142osickich i spo\u0142ecze\u0144stwo miasta. W czasie drugiego spotkania m\u0142odzie\u017c, kt\u00f3ra bra\u0142a udzia\u0142 w wyje\u017adzie do Katynia (laureaci mi\u0119dzyszkolnego konkursu) przedstawi\u0142a swoje osobiste wra\u017cenia i z pobytu w miejscu zbrodni i przywioz\u0142a urn\u0119 z ziemi\u0105, kt\u00f3ra b\u0119dzie z\u0142o\u017cona w kaplicy \u015bw. Stanis\u0142awa M\u0119czennika w \u0141osicach.&nbsp;<\/p>\n\n\n\n<figure class=\"wp-block-image size-large is-resized\"><img loading=\"lazy\" decoding=\"async\" width=\"768\" height=\"1024\" src=\"https:\/\/tpzl.info\/wp-content\/uploads\/2024\/12\/osiagniecia-i-historia-6-768x1024.jpg\" alt=\"\" class=\"wp-image-80\" style=\"width:840px;height:auto\" srcset=\"https:\/\/tpzl.info\/wp-content\/uploads\/2024\/12\/osiagniecia-i-historia-6-768x1024.jpg 768w, https:\/\/tpzl.info\/wp-content\/uploads\/2024\/12\/osiagniecia-i-historia-6-225x300.jpg 225w, https:\/\/tpzl.info\/wp-content\/uploads\/2024\/12\/osiagniecia-i-historia-6.jpg 1134w\" sizes=\"auto, (max-width: 768px) 100vw, 768px\" \/><\/figure>\n\n\n\n<p>Bardzo dobrze uk\u0142ada nam si\u0119 wsp\u00f3\u0142praca z \u0141osickim Domem Kultury, zawsze mo\u017cemy liczy\u0107 na pomoc, wsparcie i \u017cyczliwo\u015b\u0107 pracownik\u00f3w tej \u015bwietnie pracuj\u0105cej plac\u00f3wki kulturalnej. R\u00f3wnie przychylny i otwarty na wsp\u00f3\u0142prac\u0119 jest zesp\u00f3\u0142 redakcyjny &#8222;Gazety \u0141osickiej&#8221;<\/p>\n\n\n\n<p>Nasza dzia\u0142alno\u015b\u0107 zosta\u0142a doceniona przez Ruch Stowarzysze\u0144 Regionalnych Rzeczpospolitej Polskiej oraz przez Ministra Kultury i Dziedzictwa Narodowego.<\/p>\n\n\n\n<figure class=\"wp-block-image size-full is-resized\"><img loading=\"lazy\" decoding=\"async\" width=\"605\" height=\"465\" src=\"http:\/\/tpzl.info\/wp-content\/uploads\/2024\/12\/osiagniecia-i-historia-8.jpg\" alt=\"\" class=\"wp-image-82\" style=\"width:839px;height:auto\" srcset=\"https:\/\/tpzl.info\/wp-content\/uploads\/2024\/12\/osiagniecia-i-historia-8.jpg 605w, https:\/\/tpzl.info\/wp-content\/uploads\/2024\/12\/osiagniecia-i-historia-8-300x231.jpg 300w\" sizes=\"auto, (max-width: 605px) 100vw, 605px\" \/><\/figure>\n\n\n\n<div class=\"wp-block-group\"><div class=\"wp-block-group__inner-container is-layout-constrained wp-block-group-is-layout-constrained\">\n<figure class=\"wp-block-gallery has-nested-images columns-default is-cropped wp-block-gallery-3 is-layout-flex wp-block-gallery-is-layout-flex\">\n<figure class=\"wp-block-image size-large\"><img loading=\"lazy\" decoding=\"async\" width=\"694\" height=\"1024\" data-id=\"81\" src=\"https:\/\/tpzl.info\/wp-content\/uploads\/2024\/12\/osiagniecia-i-historia-7-694x1024.jpg\" alt=\"\" class=\"wp-image-81\" srcset=\"https:\/\/tpzl.info\/wp-content\/uploads\/2024\/12\/osiagniecia-i-historia-7-694x1024.jpg 694w, https:\/\/tpzl.info\/wp-content\/uploads\/2024\/12\/osiagniecia-i-historia-7-203x300.jpg 203w, https:\/\/tpzl.info\/wp-content\/uploads\/2024\/12\/osiagniecia-i-historia-7-768x1132.jpg 768w, https:\/\/tpzl.info\/wp-content\/uploads\/2024\/12\/osiagniecia-i-historia-7-1042x1536.jpg 1042w, https:\/\/tpzl.info\/wp-content\/uploads\/2024\/12\/osiagniecia-i-historia-7.jpg 1260w\" sizes=\"auto, (max-width: 694px) 100vw, 694px\" \/><\/figure>\n\n\n\n<figure class=\"wp-block-image size-large\"><img loading=\"lazy\" decoding=\"async\" width=\"694\" height=\"1024\" data-id=\"83\" src=\"https:\/\/tpzl.info\/wp-content\/uploads\/2024\/12\/osiagniecia-i-historia-9-694x1024.jpg\" alt=\"\" class=\"wp-image-83\" srcset=\"https:\/\/tpzl.info\/wp-content\/uploads\/2024\/12\/osiagniecia-i-historia-9-694x1024.jpg 694w, https:\/\/tpzl.info\/wp-content\/uploads\/2024\/12\/osiagniecia-i-historia-9-203x300.jpg 203w, https:\/\/tpzl.info\/wp-content\/uploads\/2024\/12\/osiagniecia-i-historia-9-768x1133.jpg 768w, https:\/\/tpzl.info\/wp-content\/uploads\/2024\/12\/osiagniecia-i-historia-9-1041x1536.jpg 1041w, https:\/\/tpzl.info\/wp-content\/uploads\/2024\/12\/osiagniecia-i-historia-9.jpg 1260w\" sizes=\"auto, (max-width: 694px) 100vw, 694px\" \/><\/figure>\n<\/figure>\n<\/div><\/div>\n\n\n\n<p>TPZ\u0141 wsp\u00f3lnie ze Zwi\u0105zkiem Kombatant\u00f3w \u017bo\u0142nierzy AK jest organizatorem corocznych rajd\u00f3w konnych: Szlakiem Oddzia\u0142u Partyzanckiego 34 p.p. AK &#8222;Zenon&#8221; oraz wsp\u00f3\u0142organizatorem, wraz z Burmistrzem Miasta i Gminy \u0141osice, festyny historycznego a tak\u017ce konkursu ta\u0144ca wsp\u00f3\u0142czesnego.<\/p>\n\n\n\n<figure class=\"wp-block-image size-large is-resized\"><img loading=\"lazy\" decoding=\"async\" width=\"734\" height=\"1024\" src=\"https:\/\/tpzl.info\/wp-content\/uploads\/2024\/12\/osiagniecia-i-historia-10-734x1024.jpg\" alt=\"\" class=\"wp-image-84\" style=\"width:840px;height:auto\" srcset=\"https:\/\/tpzl.info\/wp-content\/uploads\/2024\/12\/osiagniecia-i-historia-10-734x1024.jpg 734w, https:\/\/tpzl.info\/wp-content\/uploads\/2024\/12\/osiagniecia-i-historia-10-215x300.jpg 215w, https:\/\/tpzl.info\/wp-content\/uploads\/2024\/12\/osiagniecia-i-historia-10-768x1071.jpg 768w, https:\/\/tpzl.info\/wp-content\/uploads\/2024\/12\/osiagniecia-i-historia-10-1102x1536.jpg 1102w, https:\/\/tpzl.info\/wp-content\/uploads\/2024\/12\/osiagniecia-i-historia-10.jpg 1260w\" sizes=\"auto, (max-width: 734px) 100vw, 734px\" \/><\/figure>\n\n\n\n<p>Znacz\u0105ce miejsce w naszej dzia\u0142alno\u015bci zajmuje ma\u0142a architektura sakralna, kt\u00f3r\u0105 chcemy ocali\u0107 od zniszczenia i zapomnienia. I tak:<br>&#8211; podj\u0119to renowacj\u0119 zabytkowych kapliczek przydro\u017cnych w \u0141ysowie i \u0141awach (pan Roman Kosieradzki)<br>&#8211; zako\u0144czono remont pochodz\u0105cej z XVIII w. kapliczki w Toporowie.<\/p>\n\n\n\n<figure class=\"wp-block-gallery has-nested-images columns-default is-cropped wp-block-gallery-4 is-layout-flex wp-block-gallery-is-layout-flex\">\n<figure class=\"wp-block-image size-large\"><img loading=\"lazy\" decoding=\"async\" width=\"768\" height=\"1024\" data-id=\"85\" src=\"https:\/\/tpzl.info\/wp-content\/uploads\/2024\/12\/osiagniecia-i-historia-11-768x1024.jpg\" alt=\"\" class=\"wp-image-85\" srcset=\"https:\/\/tpzl.info\/wp-content\/uploads\/2024\/12\/osiagniecia-i-historia-11-768x1024.jpg 768w, https:\/\/tpzl.info\/wp-content\/uploads\/2024\/12\/osiagniecia-i-historia-11-225x300.jpg 225w, https:\/\/tpzl.info\/wp-content\/uploads\/2024\/12\/osiagniecia-i-historia-11.jpg 1134w\" sizes=\"auto, (max-width: 768px) 100vw, 768px\" \/><\/figure>\n\n\n\n<figure class=\"wp-block-image size-large\"><img loading=\"lazy\" decoding=\"async\" width=\"768\" height=\"1024\" data-id=\"86\" src=\"https:\/\/tpzl.info\/wp-content\/uploads\/2024\/12\/osiagniecia-i-historia-12-768x1024.jpg\" alt=\"\" class=\"wp-image-86\" srcset=\"https:\/\/tpzl.info\/wp-content\/uploads\/2024\/12\/osiagniecia-i-historia-12-768x1024.jpg 768w, https:\/\/tpzl.info\/wp-content\/uploads\/2024\/12\/osiagniecia-i-historia-12-225x300.jpg 225w, https:\/\/tpzl.info\/wp-content\/uploads\/2024\/12\/osiagniecia-i-historia-12.jpg 1134w\" sizes=\"auto, (max-width: 768px) 100vw, 768px\" \/><\/figure>\n<\/figure>\n\n\n\n<p>Od kilku lat Zarz\u0105d TPZ\u0141 podejmuje starania zmierzaj\u0105ce do reaktywacji Muzeum Regionalnego Ziemi \u0141osickiej.<\/p>\n","protected":false},"excerpt":{"rendered":"<p>Na poczet osi\u0105gni\u0119\u0107 naszego Towarzystwa nale\u017cy zapisa\u0107: Do chwili obecnej odby\u0142y si\u0119 konferencje o nast\u0119puj\u0105cej tematyce: Ka\u017cda taka sesja to przybli\u017canie dziej\u00f3w miasta i regionu, wydarze\u0144 i ludzi z dalszej i bli\u017cszej przesz\u0142o\u015bci dzisiejszym \u0141osiczanom. To spopularyzowanie bogatej historii Ziemi \u0141osickiej i ciekawej, a ci\u0105gle jeszcze s\u0142abo znanej, przesz\u0142o\u015bci Podlasia wchodz\u0105cego w obr\u0119b wojew\u00f3dztwa mazowieckiego. [&hellip;]<\/p>\n","protected":false},"author":1,"featured_media":0,"parent":0,"menu_order":0,"comment_status":"closed","ping_status":"closed","template":"","meta":{"footnotes":""},"class_list":["post-37","page","type-page","status-publish","hentry"],"_links":{"self":[{"href":"https:\/\/tpzl.info\/index.php\/wp-json\/wp\/v2\/pages\/37","targetHints":{"allow":["GET"]}}],"collection":[{"href":"https:\/\/tpzl.info\/index.php\/wp-json\/wp\/v2\/pages"}],"about":[{"href":"https:\/\/tpzl.info\/index.php\/wp-json\/wp\/v2\/types\/page"}],"author":[{"embeddable":true,"href":"https:\/\/tpzl.info\/index.php\/wp-json\/wp\/v2\/users\/1"}],"replies":[{"embeddable":true,"href":"https:\/\/tpzl.info\/index.php\/wp-json\/wp\/v2\/comments?post=37"}],"version-history":[{"count":6,"href":"https:\/\/tpzl.info\/index.php\/wp-json\/wp\/v2\/pages\/37\/revisions"}],"predecessor-version":[{"id":107,"href":"https:\/\/tpzl.info\/index.php\/wp-json\/wp\/v2\/pages\/37\/revisions\/107"}],"wp:attachment":[{"href":"https:\/\/tpzl.info\/index.php\/wp-json\/wp\/v2\/media?parent=37"}],"curies":[{"name":"wp","href":"https:\/\/api.w.org\/{rel}","templated":true}]}}