{"id":42,"date":"2024-11-25T21:31:18","date_gmt":"2024-11-25T21:31:18","guid":{"rendered":"https:\/\/tpzl.info\/?page_id=42"},"modified":"2024-12-01T12:44:45","modified_gmt":"2024-12-01T12:44:45","slug":"zarzad","status":"publish","type":"page","link":"https:\/\/tpzl.info\/index.php\/zarzad\/","title":{"rendered":"Zarz\u0105d"},"content":{"rendered":"\n<h2 class=\"wp-block-heading\">Sk\u0142ad Zarz\u0105du TPZ\u0141<\/h2>\n\n\n\n<figure class=\"wp-block-table is-style-regular\"><table class=\"has-fixed-layout\"><tbody><tr><td>1. Wanda Fr\u0105czek<\/td><td>Prezes Zarz\u0105du<\/td><\/tr><tr><td>2. Krzysztof Dzio\u0142ak<\/td><td>Zast\u0119pca Prezesa<\/td><\/tr><tr><td>3. Andrzej Urban<\/td><td>Zast\u0119pca Prezesa<\/td><\/tr><tr><td>4. Anna Jurzyk<\/td><td>Sekretarz Zarz\u0105du<\/td><\/tr><tr><td>5. Marianna Demianiuk<\/td><td>Skarbnik Zarz\u0105du<\/td><\/tr><tr><td>6. Teresa Kosmala<\/td><td>Cz\u0142onek Zarz\u0105du<\/td><\/tr><tr><td>7. Barbara Zieli\u0144ska<\/td><td>Cz\u0142onek Zarz\u0105du<\/td><\/tr><\/tbody><\/table><\/figure>\n\n\n\n<h2 class=\"wp-block-heading\">Komisja Rewizyjna<\/h2>\n\n\n\n<figure class=\"wp-block-table\"><table class=\"has-fixed-layout\"><tbody><tr><td>1. El\u017cbieta Klimiuk<\/td><td>Przewodnicz\u0105ca<\/td><\/tr><tr><td>2. Jadwiga Michaluk<\/td><td>Cz\u0142onek<\/td><\/tr><tr><td>3. Barbara Wawryniuk<\/td><td>Cz\u0142onek<\/td><\/tr><\/tbody><\/table><\/figure>\n","protected":false},"excerpt":{"rendered":"<p>Sk\u0142ad Zarz\u0105du TPZ\u0141 1. Wanda Fr\u0105czek Prezes Zarz\u0105du 2. Krzysztof Dzio\u0142ak Zast\u0119pca Prezesa 3. Andrzej Urban Zast\u0119pca Prezesa 4. Anna Jurzyk Sekretarz Zarz\u0105du 5. Marianna Demianiuk Skarbnik Zarz\u0105du 6. Teresa Kosmala Cz\u0142onek Zarz\u0105du 7. Barbara Zieli\u0144ska Cz\u0142onek Zarz\u0105du Komisja Rewizyjna 1. El\u017cbieta Klimiuk Przewodnicz\u0105ca 2. Jadwiga Michaluk Cz\u0142onek 3. Barbara Wawryniuk Cz\u0142onek<\/p>\n","protected":false},"author":1,"featured_media":0,"parent":0,"menu_order":0,"comment_status":"closed","ping_status":"closed","template":"","meta":{"footnotes":""},"class_list":["post-42","page","type-page","status-publish","hentry"],"_links":{"self":[{"href":"https:\/\/tpzl.info\/index.php\/wp-json\/wp\/v2\/pages\/42","targetHints":{"allow":["GET"]}}],"collection":[{"href":"https:\/\/tpzl.info\/index.php\/wp-json\/wp\/v2\/pages"}],"about":[{"href":"https:\/\/tpzl.info\/index.php\/wp-json\/wp\/v2\/types\/page"}],"author":[{"embeddable":true,"href":"https:\/\/tpzl.info\/index.php\/wp-json\/wp\/v2\/users\/1"}],"replies":[{"embeddable":true,"href":"https:\/\/tpzl.info\/index.php\/wp-json\/wp\/v2\/comments?post=42"}],"version-history":[{"count":3,"href":"https:\/\/tpzl.info\/index.php\/wp-json\/wp\/v2\/pages\/42\/revisions"}],"predecessor-version":[{"id":73,"href":"https:\/\/tpzl.info\/index.php\/wp-json\/wp\/v2\/pages\/42\/revisions\/73"}],"wp:attachment":[{"href":"https:\/\/tpzl.info\/index.php\/wp-json\/wp\/v2\/media?parent=42"}],"curies":[{"name":"wp","href":"https:\/\/api.w.org\/{rel}","templated":true}]}}