{"id":44,"date":"2024-11-25T21:31:52","date_gmt":"2024-11-25T21:31:52","guid":{"rendered":"https:\/\/tpzl.info\/?page_id=44"},"modified":"2024-11-25T21:31:52","modified_gmt":"2024-11-25T21:31:52","slug":"statut","status":"publish","type":"page","link":"https:\/\/tpzl.info\/index.php\/statut\/","title":{"rendered":"Statut"},"content":{"rendered":"\n<p>Decyzja o zmianie statutu podj\u0119ta na Walnym Zgromadzeniu Towarzystwa Przyjaci\u00f3\u0142 Ziemi \u0141osickiej w dniu 06.05.2024 r. W dniu 18.07.2024 r. S\u0105d Rejonowy Lublin Wsch\u00f3d w Lublinie z siedzib\u0105 w \u015awidniku, VI Wydzia\u0142 Gospodarczy KRS postanowi\u0142 wpisa\u0107 w Rejestrze Stowarzysze\u0144 zmieniony statut.<\/p>\n\n\n\n<p><strong>STATUT<\/strong><\/p>\n\n\n\n<p>TOWARZYSTWA PRZYJACI\u00d3\u0141 ZIEMI \u0141OSICKIEJ<\/p>\n\n\n\n<p><strong>Rozdzia\u0142 I<\/strong><\/p>\n\n\n\n<p>\u00a7&nbsp;1<\/p>\n\n\n\n<p>Towarzystwo Przyjaci\u00f3\u0142 Ziemi \u0141osickiej zwane w dalszych postanowieniach TPZ\u0141, jest stowarzyszeniem zarejestrowanym i posiada osobowo\u015b\u0107 prawn\u0105.<\/p>\n\n\n\n<p>\u00a7&nbsp;2<\/p>\n\n\n\n<ol class=\"wp-block-list\">\n<li>Stowarzyszenie pod nazw\u0105 \u201e<strong>Towarzystwo Przyjaci\u00f3\u0142 Ziemi \u0141osickiej\u201d<\/strong>\u00a0ma swoj\u0105 siedzib\u0119 w \u0141osicach i dzia\u0142alno\u015bci\u0105 swoj\u0105 obejmuje teren powiatu \u0142osickiego.<\/li>\n\n\n\n<li>Towarzystwo ma charakter otwarty.<\/li>\n<\/ol>\n\n\n\n<p>\u00a7&nbsp;3<\/p>\n\n\n\n<p>Dzia\u0142alno\u015b\u0107 Towarzystwa opiera si\u0119 na pracy spo\u0142ecznej cz\u0142onk\u00f3w i wspieraniu materialnym realizacji cel\u00f3w TPZ\u0141.<\/p>\n\n\n\n<p><strong>Rozdzia\u0142 II<\/strong><\/p>\n\n\n\n<p><strong>Cele i \u015brodki dzia\u0142ania<\/strong><\/p>\n\n\n\n<p>\u00a7&nbsp;4<\/p>\n\n\n\n<p>Celem Towarzystwa jest:<\/p>\n\n\n\n<ol class=\"wp-block-list\">\n<li>Budzenie szerokiej inicjatywy spo\u0142ecznej dla wszechstronnego rozwoju gospodarczego i kulturalnego powiatu.<\/li>\n\n\n\n<li>Szerzenie w\u015br\u00f3d spo\u0142ecze\u0144stwa znajomo\u015bci historii swego regionu, zami\u0142owania do niej, a tak\u017ce poszanowania dla pami\u0105tek i zabytk\u00f3w przesz\u0142o\u015bci.<\/li>\n\n\n\n<li>Podnoszenie stanu estetycznego miasta \u0141osic oraz osiedli i wsi powiatu.<\/li>\n\n\n\n<li>Prowadzenie dzia\u0142alno\u015bci promocyjnej oraz projekt\u00f3w wspieraj\u0105cych rozw\u00f3j i wiedz\u0119 zwi\u0105zan\u0105 z Ziemi\u0105 \u0141osick\u0105.<\/li>\n<\/ol>\n\n\n\n<p>\u00a7&nbsp;5<\/p>\n\n\n\n<p>Cele Towarzystwa okre\u015blone w &amp;4 realizuje si\u0119 przez:<\/p>\n\n\n\n<ol class=\"wp-block-list\">\n<li>Wskazywanie potrzeb w dziedzinie o\u015bwiaty, kultury, ochrony \u015brodowiska, turystyki i wypoczynku, opracowywanie odpowiednich wniosk\u00f3w i opinii oraz przedk\u0142adanie ich w\u0142adzom samorz\u0105dowym.<\/li>\n\n\n\n<li>Inicjowanie i organizowanie konferencji popularnonaukowych oraz popularyzacj\u0119 warto\u015bci kulturalnych i pi\u0119kna \u201eZiemi \u0141osickiej\u201d.<\/li>\n\n\n\n<li>Zbieranie dokument\u00f3w, opracowywanie materia\u0142\u00f3w dotycz\u0105cych przesz\u0142o\u015bci miasta i regionu oraz biografii zas\u0142u\u017conych dla \u201eZiemi \u0141osickiej\u201d i Ojczyzny os\u00f3b.<\/li>\n\n\n\n<li>Wsp\u00f3\u0142prac\u0119 z \u0141osickim Domem Kultury, Pa\u0144stwow\u0105 Szko\u0142\u0105 Muzyczn\u0105 w \u0141osicach, Szko\u0142ami i innymi instytucjami, w zakresie organizowania imprez kulturalnych, konferencji, wystaw i konkurs\u00f3w.<\/li>\n\n\n\n<li>Gromadzenie eksponat\u00f3w w celu odtworzenia i rozwoju muzeum regionalnego w \u0141osicach i popularyzacja tej plac\u00f3wki.<\/li>\n\n\n\n<li>Opiek\u0119 nad szczeg\u00f3lnie warto\u015bciowymi pod wzgl\u0119dem historycznym uk\u0142adami parkowo-pa\u0142acowymi i dworskimi.<\/li>\n\n\n\n<li>Udzielanie pomocy we w\u0142a\u015bciwym u\u017cytkowaniu i konserwacji obiekt\u00f3w zabytkowych w regionie.<\/li>\n\n\n\n<li>Opiek\u0119 nad grobami ludzi zas\u0142u\u017conych, grobami patriot\u00f3w pomordowanych przez zaborc\u00f3w i okupant\u00f3w oraz miejscami historycznych wydarze\u0144.<\/li>\n\n\n\n<li>Wsp\u00f3\u0142prac\u0119 z samorz\u0105dem terytorialnym, administracj\u0105 rz\u0105dow\u0105 i instytucjami spo\u0142ecznymi w zakresie realizacji w\/w zada\u0144.<\/li>\n<\/ol>\n\n\n\n<p><strong>Rozdzia\u0142 III<\/strong><\/p>\n\n\n\n<p><strong>Cz\u0142onkowie ich prawa i obowi\u0105zki<\/strong><\/p>\n\n\n\n<p>\u00a7&nbsp;6<\/p>\n\n\n\n<p>Cz\u0142onkowie Towarzystwa dziel\u0105 si\u0119 na:<\/p>\n\n\n\n<ol class=\"wp-block-list\">\n<li>Zwyczajnych.<\/li>\n\n\n\n<li>Wspieraj\u0105cych.<\/li>\n\n\n\n<li>Honorowych.<\/li>\n<\/ol>\n\n\n\n<p>\u00a7&nbsp;7<\/p>\n\n\n\n<ol class=\"wp-block-list\">\n<li>Cz\u0142onkiem zwyczajnym TPZ\u0141 mo\u017ce by\u0107 ka\u017cdy pe\u0142noletni obywatel RP, kt\u00f3ry pragnie wnie\u015b\u0107 sw\u00f3j wk\u0142ad pracy spo\u0142ecznej w urzeczywistnienie cel\u00f3w Towarzystwa.<\/li>\n\n\n\n<li>Przyjmowanie i skre\u015blanie z listy cz\u0142onk\u00f3w zwyczajnych nast\u0119puje na podstawie uchwa\u0142y Zarz\u0105du<\/li>\n<\/ol>\n\n\n\n<p>\u00a7 8<\/p>\n\n\n\n<ol class=\"wp-block-list\">\n<li>Cz\u0142onkiem wspieraj\u0105cym mo\u017ce by\u0107 osoba, kt\u00f3ra, dla poparcia dzia\u0142alno\u015bci Towarzystwa zadeklaruje sta\u0142\u0105 sk\u0142adk\u0119.<\/li>\n\n\n\n<li>Postanowienia \u00a77 ust. 2 stosuje si\u0119 odpowiednio.<\/li>\n<\/ol>\n\n\n\n<p>\u00a7&nbsp;9<\/p>\n\n\n\n<ol class=\"wp-block-list\">\n<li>Cz\u0142onkiem honorowym mo\u017ce zosta\u0107 osoba szczeg\u00f3lnie zas\u0142u\u017cona w pracy dla Ziemi \u0141osickiej.<\/li>\n\n\n\n<li>Nadanie godno\u015bci cz\u0142onka honorowego nast\u0119puje na podstawie uchwa\u0142y Walnego Zebrania Cz\u0142onk\u00f3w.<\/li>\n<\/ol>\n\n\n\n<p>\u00a7&nbsp;10<\/p>\n\n\n\n<p><strong><u>Ka\u017cdy cz\u0142onek ma prawo<\/u>:<\/strong><\/p>\n\n\n\n<ol class=\"wp-block-list\">\n<li>Uczestniczy\u0107 we wszystkich publicznych zebraniach Towarzystwa, przemawia\u0107 i stawia\u0107 wnioski dotycz\u0105ce Towarzystwa.<\/li>\n\n\n\n<li>Korzysta\u0107 z pomocy i urz\u0105dze\u0144 Towarzystwa.<\/li>\n\n\n\n<li>Cz\u0142onkowie zwyczajni i cz\u0142onkowie honorowi Towarzystwa maj\u0105 prawo czynnego i biernego wyboru.<\/li>\n<\/ol>\n\n\n\n<p>\u00a7&nbsp;11<\/p>\n\n\n\n<p><strong>Do obowi\u0105zk\u00f3w cz\u0142onka nale\u017cy:<\/strong><\/p>\n\n\n\n<ol class=\"wp-block-list\">\n<li>Przestrzeganie statutu, regulamin\u00f3w i uchwa\u0142 w\u0142adz Towarzystwa.<\/li>\n\n\n\n<li>Regularne op\u0142acanie sk\u0142adek cz\u0142onkowskich.<\/li>\n\n\n\n<li>Aktywnie uczestniczy\u0107 w realizacji cel\u00f3w Towarzystwa.<\/li>\n<\/ol>\n\n\n\n<p>\u00a7&nbsp;12<\/p>\n\n\n\n<p><strong>Cz\u0142onkostwo wygasa przez:<\/strong><\/p>\n\n\n\n<ol class=\"wp-block-list\">\n<li>Dobrowolne wyst\u0105pienie z Towarzystwa zg\u0142oszone na pi\u015bmie.<\/li>\n\n\n\n<li>Skre\u015blenie z listy cz\u0142onk\u00f3w z powodu niep\u0142acenia sk\u0142adek cz\u0142onkowskich przez okres\u00a01 roku ( po trzykrotnym upomnieniu).<\/li>\n\n\n\n<li>Skazanie prawomocnym wyrokiem s\u0105du powszechnego na kar\u0119 dodatkow\u0105 utraty praw publicznych b\u0105d\u017a za czyn pope\u0142niony z niskich pobudek.<\/li>\n\n\n\n<li>\u015amier\u0107 cz\u0142onka.<\/li>\n<\/ol>\n\n\n\n<p><strong>Rozdzia\u0142 IV<\/strong><\/p>\n\n\n\n<p><strong><u>W\u0142adze Towarzystwa:<\/u><\/strong><\/p>\n\n\n\n<p>\u00a7&nbsp;13<\/p>\n\n\n\n<p><strong>W\u0142adzami Towarzystwa s\u0105:<\/strong><\/p>\n\n\n\n<ol class=\"wp-block-list\">\n<li>Walne Zebranie Cz\u0142onk\u00f3w<\/li>\n\n\n\n<li>Zarz\u0105d Towarzystwa<\/li>\n\n\n\n<li>Komisja Rewizyjna Towarzystwa<\/li>\n\n\n\n<li>Kadencja w\u0142adz Towarzystwa trwa 4 lata.<\/li>\n<\/ol>\n\n\n\n<p>\u00a7&nbsp;14<\/p>\n\n\n\n<p><strong>Walne Zebranie Cz\u0142onk\u00f3w:<\/strong><\/p>\n\n\n\n<ol class=\"wp-block-list\">\n<li>Walne Zebranie Cz\u0142onk\u00f3w jest najwy\u017csz\u0105 w\u0142adz\u0105 Towarzystwa.<\/li>\n\n\n\n<li>Walne Zebranie Cz\u0142onk\u00f3w mo\u017ce by\u0107 zwyczajne lub nadzwyczajne.<\/li>\n<\/ol>\n\n\n\n<p>\u00a7&nbsp;15<\/p>\n\n\n\n<p><strong>Do kompetencji Walnego Zebrania Cz\u0142onk\u00f3w nale\u017cy:<\/strong><\/p>\n\n\n\n<ol class=\"wp-block-list\">\n<li>Uchwalenie programu dzia\u0142alno\u015bci Towarzystwa zgodnie z postanowieniami statutu.<\/li>\n\n\n\n<li>Rozpatrywanie sprawozda\u0144 z dzia\u0142alno\u015bci Zarz\u0105du i Komisji Rewizyjnej.<\/li>\n\n\n\n<li>Podejmowanie uchwa\u0142 w sprawach przedstawionych przez Zarz\u0105d i Komisj\u0119 Rewizyjn\u0105.<\/li>\n\n\n\n<li>Wyb\u00f3r Zarz\u0105du i Komisji Rewizyjnej Towarzystwa.<\/li>\n\n\n\n<li>Podejmowanie innych uchwa\u0142, kt\u00f3re wymagaj\u0105 decyzji Walnego Zebrania Cz\u0142onk\u00f3w.<\/li>\n<\/ol>\n\n\n\n<p>\u00a7&nbsp;16<\/p>\n\n\n\n<ol class=\"wp-block-list\">\n<li>Walne Zebranie Cz\u0142onk\u00f3w zwo\u0142ywane jest przez Zarz\u0105d Towarzystwa raz na 4 lata.<\/li>\n\n\n\n<li>O terminie Walnego Zebrania Cz\u0142onk\u00f3w wraz z proponowanym porz\u0105dkiem obrad Zarz\u0105d Towarzystwa zawiadamia cz\u0142onk\u00f3w co najmniej na 30 dni przed terminem rozpocz\u0119cia zebrania.<\/li>\n<\/ol>\n\n\n\n<p>\u00a7&nbsp;17<\/p>\n\n\n\n<p><strong>Nadzwyczajne Zebranie Cz\u0142onk\u00f3w zwo\u0142ywane jest:<\/strong><\/p>\n\n\n\n<ol class=\"wp-block-list\">\n<li>Na podstawie uchwa\u0142y Zarz\u0105du Towarzystwa.<\/li>\n\n\n\n<li>Na \u017c\u0105danie Komisji Rewizyjnej Towarzystwa.<\/li>\n\n\n\n<li>Na podstawie pisemnego wniosku podpisanego przez co najmniej 1\/3 og\u00f3lnej liczby cz\u0142onk\u00f3w Towarzystwa, w terminie 1 miesi\u0105ca od dnia z\u0142o\u017cenia do Zarz\u0105du wniosku, lub podj\u0119cia uchwa\u0142y.<\/li>\n<\/ol>\n\n\n\n<p>Do powzi\u0119cia wa\u017cnych uchwa\u0142 na Walnych Zebraniach Cz\u0142onk\u00f3w potrzebna jest obecno\u015b\u0107 przynajmniej 2\/3 wszystkich cz\u0142onk\u00f3w zwyczajnych Towarzystwa. Brak kompletu mo\u017ce spowodowa\u0107 zwo\u0142anie nast\u0119pnego Walnego Zebrania Cz\u0142onk\u00f3w, w ustalonym terminie z tym samym porz\u0105dkiem dziennym. Wtedy mo\u017ce ono prawomocnie obradowa\u0107 i podejmowa\u0107 uchwa\u0142y bez wzgl\u0119du na ilo\u015b\u0107 obecnych cz\u0142onk\u00f3w.<\/p>\n\n\n\n<p>Uchwa\u0142y dotycz\u0105ce zmiany statutu, lub rozwi\u0105zania Towarzystwa wymagaj\u0105 obecno\u015bci przynajmniej po\u0142owy zwyczajnych cz\u0142onk\u00f3w Towarzystwa.<\/p>\n\n\n\n<p>\u00a7&nbsp;18<\/p>\n\n\n\n<p><strong>W Walnym Zebraniu Cz\u0142onk\u00f3w bior\u0105 udzia\u0142:<\/strong><\/p>\n\n\n\n<ol class=\"wp-block-list\">\n<li>Z g\u0142osami decyduj\u0105cymi \u2013 Cz\u0142onkowie Towarzystwa.<\/li>\n\n\n\n<li>Z g\u0142osami doradczymi \u2013 osoby zaproszone.<\/li>\n<\/ol>\n\n\n\n<p>\u00a7&nbsp;19<\/p>\n\n\n\n<p><strong>Zarz\u0105d Towarzystwa<\/strong><\/p>\n\n\n\n<p>Zarz\u0105d Towarzystwa sk\u0142ada si\u0119 z 7 os\u00f3b. Po up\u0142ywie kadencji cz\u0142onkowie Zarz\u0105du mog\u0105 by\u0107 ponownie wybrani<\/p>\n\n\n\n<p>Zarz\u0105d wybiera spo\u015br\u00f3d siebie Prezesa, 2 V-ce Prezes\u00f3w, Sekretarza i Skarbnika. Szczeg\u00f3lnie zas\u0142u\u017cony dzia\u0142acz Towarzystwa mo\u017ce by\u0107 wybrany Prezesem Honorowym. W razie zdekompletowania Zarz\u0105du mo\u017ce si\u0119 on tak\u017ce uzupe\u0142ni\u0107 przez kooptacj\u0119 w nie przekraczaj\u0105cej 1\/3 og\u00f3lnej liczby cz\u0142onk\u00f3w Zarz\u0105du wybranych przez Walne Zebranie Cz\u0142onk\u00f3w.<\/p>\n\n\n\n<p>\u00a7&nbsp;20<\/p>\n\n\n\n<p><strong>Do zakresu dzia\u0142ania Zarz\u0105du Towarzystwa nale\u017cy:<\/strong><\/p>\n\n\n\n<ol class=\"wp-block-list\">\n<li>Realizowanie uchwa\u0142 Walnego Zebrania Cz\u0142onk\u00f3w.<\/li>\n\n\n\n<li>Uchwalanie plan\u00f3w dzia\u0142alno\u015bci Towarzystwa oraz zatwierdzanie sprawozda\u0144 z ich wykonania.<\/li>\n\n\n\n<li>Podejmowanie decyzji w sprawach maj\u0105tkowych zgodnie z obowi\u0105zuj\u0105cymi przepisami prawa w ramach uprawnie\u0144 udzielonych przez Walne Zebranie Cz\u0142onk\u00f3w Towarzystwa.<\/li>\n\n\n\n<li>Zwo\u0142ywanie Walnych Zebra\u0144 Cz\u0142onk\u00f3w Towarzystwa.<\/li>\n\n\n\n<li>Podejmowanie uchwa\u0142 w sprawach nie zastrze\u017conych dla zakresu uprawnie\u0144 innych w\u0142adz Towarzystwa.<\/li>\n<\/ol>\n\n\n\n<p>\u00a7&nbsp;21<\/p>\n\n\n\n<p><strong>Komisja Rewizyjna<\/strong><\/p>\n\n\n\n<ol class=\"wp-block-list\">\n<li>Komisja Rewizyjna Towarzystwa sk\u0142ada si\u0119 z 3 cz\u0142onk\u00f3w i wybiera spo\u015br\u00f3d siebie Przewodnicz\u0105cego i Sekretarza.<\/li>\n<\/ol>\n\n\n\n<p>\u00a7&nbsp;22<\/p>\n\n\n\n<p><strong>Do zakresu dzia\u0142ania Komisji Rewizyjnej nale\u017cy:<\/strong><\/p>\n\n\n\n<ol class=\"wp-block-list\">\n<li>Kontrola ca\u0142okszta\u0142tu dzia\u0142alno\u015bci, a w szczeg\u00f3lno\u015bci gospodarki finansowej Towarzystwa.<\/li>\n\n\n\n<li>Kontrola op\u0142acania sk\u0142adek cz\u0142onkowskich.<\/li>\n\n\n\n<li>Sk\u0142adanie sprawozdania na Walnym Zebraniu Cz\u0142onk\u00f3w wraz z ocen\u0105 dzia\u0142alno\u015bci i wnioskami dotycz\u0105cymi udzielenia absolutorium ust\u0119puj\u0105cemu Zarz\u0105dowi.<\/li>\n<\/ol>\n\n\n\n<p><strong>Rozdzia\u0142 V<\/strong><\/p>\n\n\n\n<p><strong>Maj\u0105tek Towarzystwa<\/strong><\/p>\n\n\n\n<p>\u00a7&nbsp;23<\/p>\n\n\n\n<ol class=\"wp-block-list\">\n<li>Maj\u0105tek Towarzystwa stanowi\u0105 ruchomo\u015bci, nieruchomo\u015bci i fundusze.<\/li>\n\n\n\n<li>Na fundusze Towarzystwa sk\u0142adaj\u0105 si\u0119:<\/li>\n<\/ol>\n\n\n\n<p>a) wp\u0142ywy z wpisowego i sk\u0142adek cz\u0142onkowskich,<\/p>\n\n\n\n<p>b) wp\u0142ywy z dzia\u0142alno\u015bci statutowej,<\/p>\n\n\n\n<p>c) dotacje,<\/p>\n\n\n\n<p>d) zapisy i darowizny,<\/p>\n\n\n\n<p>\u00a7&nbsp;24<\/p>\n\n\n\n<ol class=\"wp-block-list\">\n<li>Zasady prowadzenia gospodarki finansowej w oparciu o obowi\u0105zuj\u0105ce przepisy ustala Zarz\u0105d Towarzystwa.<\/li>\n\n\n\n<li>W\u0142adze Towarzystwa s\u0105 zobowi\u0105zane zarz\u0105dza\u0107 maj\u0105tkiem zgodnie z zasadami ustalonymi przez Walne Zebranie Cz\u0142onk\u00f3w Towarzystwa.<\/li>\n<\/ol>\n\n\n\n<ol class=\"wp-block-list\">\n<li>O\u015bwiadczenie w sprawach maj\u0105tkowych Towarzystwa sk\u0142adaj\u0105 dwie osoby: Prezes lub Wiceprezes Zarz\u0105du i Skarbnik.<\/li>\n\n\n\n<li>Do wa\u017cno\u015bci pism i dokument\u00f3w wymagane s\u0105 dwa podpisy: Prezesa lub Wiceprezesa oraz Sekretarza Zarz\u0105du.<\/li>\n<\/ol>\n\n\n\n<p><strong>Rozdzia\u0142 VI<\/strong><\/p>\n\n\n\n<p><strong>Zmiana Statutu i Rozwi\u0105zanie si\u0119 Towarzystwa<\/strong><\/p>\n\n\n\n<p>\u00a7&nbsp;25<\/p>\n\n\n\n<ol class=\"wp-block-list\">\n<li>Zmiana statutu i rozwi\u0105zanie Towarzystwa wymagaj\u0105 uchwa\u0142y Walnego Zebrania Cz\u0142onk\u00f3w, podj\u0119tej wi\u0119kszo\u015bci\u0105 2\/3 g\u0142os\u00f3w przy co najmniej po\u0142owie og\u00f3lnej liczby os\u00f3b uprawnionych do g\u0142osowania.<\/li>\n\n\n\n<li>W razie podj\u0119cia przez Walne Zebranie Cz\u0142onk\u00f3w uchwa\u0142y o rozwi\u0105zaniu Towarzystwa, Walne Zebranie zdecyduje o przeznaczeniu maj\u0105tku Towarzystwa i powo\u0142a komisj\u0119 likwidacyjn\u0105.<\/li>\n<\/ol>\n\n\n\n<p>W razie rozwi\u0105zania Towarzystwa ca\u0142y maj\u0105tek Towarzystwa przechodzi na w\u0142asno\u015b\u0107 Muzeum Regionalnego lub innej instytucji kulturalnej, gdyby takiego nie by\u0142o w \u0141osicach, zale\u017cnie od decyzji Walnego Zgromadzenia.<\/p>\n\n\n\n<p>\u00a7&nbsp;26<\/p>\n\n\n\n<p>W sprawach nie uregulowanych w niniejszym Statucie Towarzystwa Przyjaci\u00f3\u0142 Ziemi \u0141osickiej obowi\u0105zuj\u0105 przepisy ustawy o stowarzyszeniach ( Dz. U. Nr. 20 poz. 104 z 1989 r. z p\u00f3\u017aniejszymi zmianami ).<\/p>\n","protected":false},"excerpt":{"rendered":"<p>Decyzja o zmianie statutu podj\u0119ta na Walnym Zgromadzeniu Towarzystwa Przyjaci\u00f3\u0142 Ziemi \u0141osickiej w dniu 06.05.2024 r. W dniu 18.07.2024 r. S\u0105d Rejonowy Lublin Wsch\u00f3d w Lublinie z siedzib\u0105 w \u015awidniku, VI Wydzia\u0142 Gospodarczy KRS postanowi\u0142 wpisa\u0107 w Rejestrze Stowarzysze\u0144 zmieniony statut. STATUT TOWARZYSTWA PRZYJACI\u00d3\u0141 ZIEMI \u0141OSICKIEJ Rozdzia\u0142 I \u00a7&nbsp;1 Towarzystwo Przyjaci\u00f3\u0142 Ziemi \u0141osickiej zwane w [&hellip;]<\/p>\n","protected":false},"author":1,"featured_media":0,"parent":0,"menu_order":0,"comment_status":"closed","ping_status":"closed","template":"","meta":{"footnotes":""},"class_list":["post-44","page","type-page","status-publish","hentry"],"_links":{"self":[{"href":"https:\/\/tpzl.info\/index.php\/wp-json\/wp\/v2\/pages\/44","targetHints":{"allow":["GET"]}}],"collection":[{"href":"https:\/\/tpzl.info\/index.php\/wp-json\/wp\/v2\/pages"}],"about":[{"href":"https:\/\/tpzl.info\/index.php\/wp-json\/wp\/v2\/types\/page"}],"author":[{"embeddable":true,"href":"https:\/\/tpzl.info\/index.php\/wp-json\/wp\/v2\/users\/1"}],"replies":[{"embeddable":true,"href":"https:\/\/tpzl.info\/index.php\/wp-json\/wp\/v2\/comments?post=44"}],"version-history":[{"count":1,"href":"https:\/\/tpzl.info\/index.php\/wp-json\/wp\/v2\/pages\/44\/revisions"}],"predecessor-version":[{"id":45,"href":"https:\/\/tpzl.info\/index.php\/wp-json\/wp\/v2\/pages\/44\/revisions\/45"}],"wp:attachment":[{"href":"https:\/\/tpzl.info\/index.php\/wp-json\/wp\/v2\/media?parent=44"}],"curies":[{"name":"wp","href":"https:\/\/api.w.org\/{rel}","templated":true}]}}