{"id":67,"date":"2024-11-25T21:52:50","date_gmt":"2024-11-25T21:52:50","guid":{"rendered":"https:\/\/tpzl.info\/?page_id=67"},"modified":"2024-11-25T21:52:50","modified_gmt":"2024-11-25T21:52:50","slug":"ksiega-gosci","status":"publish","type":"page","link":"https:\/\/tpzl.info\/index.php\/ksiega-gosci\/","title":{"rendered":"Ksi\u0119ga go\u015bci"},"content":{"rendered":"<div class=\"gwolle-gb\"><div class=\"gwolle_gb_messages_top_container\"><\/div>\n\t\t\t<div class=\"gwolle-gb-write-button\">\n\t\t\t\t<input type=\"button\" name=\"gwolle-gb-write-button\" class=\"button btn btn-default \" value=\"Umie\u015b\u0107 nowy wpis\" \/>\n\t\t\t<\/div>\n\t\t\t<form action=\"#\" method=\"POST\" class=\"gwolle-gb-write gwolle-gb-hide gwolle-gb-float gwolle_gb_form_ajax gwolle-gb-form-ajax gwolle-gb-ajax gwolle-gb-not-logged-in\">\n\t\t\t\t<h3>Dodaj nowy komentarz<\/h3>\n\t\t\t\t<button type=\"button\" class=\"gb-notice-dismiss\">x<span class=\"screen-reader-text\">Hide this form.<\/span><\/button>\n\t\t\t\n\t\t\t\t<input type=\"hidden\" name=\"gwolle_gb_function\" class=\"gwolle_gb_function\" value=\"add_entry\" \/><input type=\"hidden\" name=\"gwolle_gb_book_id\" class=\"gwolle_gb_book_id\" value=\"1\" \/><div class=\"gwolle_gb_57d1591e5c478e946976ff4a872ca90d\">\n\t\t\t\t<div class=\"label\"><label for=\"gwolle_gb_57d1591e5c478e946976ff4a872ca90d\" class=\"text-info\">Nazwa <span class=\"required\">*<\/span><\/label><\/div>\n\t\t\t\t<div class=\"input\"><input class=\"wp-exclude-emoji gwolle_gb_57d1591e5c478e946976ff4a872ca90d\" value=\"\" type=\"text\" name=\"gwolle_gb_57d1591e5c478e946976ff4a872ca90d\" required \/><\/div>\n\t\t\t\t<div class=\"clearBoth\">&nbsp;<\/div>\n\t\t\t<\/div><div class=\"gwolle_gb_51d7e0c83a6f6971ce83f465d585e33a\">\n\t\t\t\t\t<div class=\"label\"><label for=\"gwolle_gb_51d7e0c83a6f6971ce83f465d585e33a\" class=\"text-info\">Miejscowo\u015b\u0107<\/label><\/div>\n\t\t\t\t\t<div class=\"input\"><input class=\"wp-exclude-emoji gwolle_gb_51d7e0c83a6f6971ce83f465d585e33a\" value=\"\" type=\"text\" name=\"gwolle_gb_51d7e0c83a6f6971ce83f465d585e33a\" \/><\/div>\n\t\t\t\t\t<div class=\"clearBoth\">&nbsp;<\/div>\n\t\t\t\t<\/div><div class=\"gwolle_gb_8aaf8aca90aa009fc899a7c9b869e950\">\n\t\t\t\t<div class=\"label\"><label for=\"gwolle_gb_8aaf8aca90aa009fc899a7c9b869e950\" class=\"text-info\">E-mail <span class=\"required\">*<\/span><\/label><\/div>\n\t\t\t\t<div class=\"input\"><input class=\"gwolle_gb_8aaf8aca90aa009fc899a7c9b869e950\" value=\"\" type=\"email\" name=\"gwolle_gb_8aaf8aca90aa009fc899a7c9b869e950\" required \/><\/div>\n\t\t\t\t<div class=\"clearBoth\">&nbsp;<\/div>\n\t\t\t<\/div>\n\t\t\t<div class=\"gwolle_gb_f001bbbc259978a3077d24596395077e\" style=\"display:none;overflow:hidden;\">\n\t\t\t\t<div class=\"label\">\n\t\t\t\t\t<label for=\"gwolle_gb_f001bbbc259978a3077d24596395077e\" class=\"text-primary\">Do not touch this<\/label>\n\t\t\t\t\t<label for=\"gwolle_gb_97171ce1703828163aad3812b649d9a0\" class=\"text-primary\">Do not touch this<\/label>\n\t\t\t\t<\/div>\n\t\t\t\t<div class=\"input\">\n\t\t\t\t\t<input value=\"72\" type=\"text\" name=\"gwolle_gb_f001bbbc259978a3077d24596395077e\" class=\"gwolle_gb_f001bbbc259978a3077d24596395077e\" style=\"transform: translateY(10000px);\" \/>\n\t\t\t\t\t<input value=\"\" type=\"text\" name=\"gwolle_gb_97171ce1703828163aad3812b649d9a0\" class=\"gwolle_gb_97171ce1703828163aad3812b649d9a0\" style=\"transform: translateY(10000px);\" \/>\n\t\t\t\t<\/div>\n\t\t\t\t<div class=\"clearBoth\"><\/div>\n\t\t\t<\/div>\n\t\t\t<div class=\"gwolle_gb_0496bd2dc6aee49a63ecbe9784eef67f\" style=\"display:none;overflow:hidden;\">\n\t\t\t\t<div class=\"label\">\n\t\t\t\t\t<label for=\"gwolle_gb_0496bd2dc6aee49a63ecbe9784eef67f\" class=\"text-primary\">Do not touch this<\/label>\n\t\t\t\t\t<label for=\"gwolle_gb_4bc26f13b3e135419edb5e345d109c48\" class=\"text-primary\">Do not touch this<\/label>\n\t\t\t\t<\/div>\n\t\t\t\t<div class=\"input\">\n\t\t\t\t\t<input value=\"20328\" type=\"text\" name=\"gwolle_gb_0496bd2dc6aee49a63ecbe9784eef67f\" class=\"gwolle_gb_0496bd2dc6aee49a63ecbe9784eef67f\" style=\"transform: translateY(10000px);\" \/>\n\t\t\t\t\t<input value=\"20328\" type=\"text\" name=\"gwolle_gb_4bc26f13b3e135419edb5e345d109c48\" class=\"gwolle_gb_4bc26f13b3e135419edb5e345d109c48\" style=\"transform: translateY(10000px);\" \/>\n\t\t\t\t<\/div>\n\t\t\t\t<div class=\"clearBoth\"><\/div>\n\t\t\t<\/div><div class=\"gwolle_gb_content\">\n\t\t\t\t<div class=\"label\"><label for=\"gwolle_gb_content\" class=\"text-info\">Wpis Ksi\u0119gi go\u015bci <span class=\"required\">*<\/span><\/label><\/div>\n\t\t\t\t<div class=\"input\"><textarea name=\"gwolle_gb_content\" class=\"gwolle_gb_content wp-exclude-emoji\" required ><\/textarea><\/div>\n\t\t\t\t\t<div class=\"clearBoth\">&nbsp;<\/div>\n\t\t\t\t<\/div><input type=\"hidden\" class=\"gwolle_gb_b48bd32567c6dc6e8428845327ae7cfe\" name=\"gwolle_gb_b48bd32567c6dc6e8428845327ae7cfe\" value=\"a150eea476\" \/>\n\t\t\t<div class=\"gwolle_gb_messages_bottom_container\"><\/div>\n\n\t\t\t<noscript><div class=\"no-js\">Warning: This form can only be used if JavaScript is enabled in your browser.<\/div><\/noscript>\n\n\t\t\t<div class=\"gwolle_gb_submit\">\n\t\t\t\t<div class=\"label gwolle-gb-invisible text-muted\">&nbsp;<\/div>\n\t\t\t\t<div class=\"input\">\n\t\t\t\t\t<input type=\"submit\" name=\"gwolle_gb_submit\" class=\"gwolle_gb_submit button btn btn-primary \" value=\"Wy\u015blij\" \/>\n\t\t\t\t\t<span class=\"gwolle_gb_submit_ajax_icon\"><\/span>\n\t\t\t\n\t\t\t\t<\/div>\n\t\t\t\t<div class=\"clearBoth\">&nbsp;<\/div>\n\t\t\t<\/div>\n\n\t\t\t<div class=\"gwolle_gb_notice\">\n\t\t\t\tPola oznaczone * s\u0105 wymagane.<br \/>\r\nTw\u00f3j adres e-mail nie zostanie opublikowany.<br \/>\r\nMo\u017cliwe, \u017ce Tw\u00f3j wpis b\u0119dzie widoczny w ksi\u0119dze go\u015bci dopiero po jego sprawdzeniu.<br \/>\r\nZastrzegamy sobie prawo do edytowania, usuwania lub niepublikowania wpis\u00f3w.\n\t\t\t<\/div><\/form><div class=\"gwolle-gb-read gwolle-gb-ajax gwolle-gb-entries-list\" data-book_id=\"1\" data-page_id=\"1\">\n\t\t<div id=\"gwolle-gb-total\" class=\"gwolle-gb-total\">7 wpis\u00f3w.<\/div><!-- Gwolle-GB Entry: Default Template Loaded -->\n\t\t\t\t<div class=\"gb-entry gb-entry_5 gb-entry-count_1 gwolle_gb_uneven gwolle-gb-uneven gwolle-gb-first\" data-entry_id=\"5\">\n\t\t\t\t<article>\n\t\t\t\t\t<div class=\"gb-author-info\">\n\t\t\t\t\t\t<span class=\"gb-author-avatar\"><img referrerpolicy=\"no-referrer\" alt='Marcin' src='https:\/\/secure.gravatar.com\/avatar\/7bce337a23d325fa18b70f640b6cb74a6fa62d6c399edf0f5b4a1950fa2442c0?s=32&#038;d=mm&#038;r=g' srcset='https:\/\/secure.gravatar.com\/avatar\/7bce337a23d325fa18b70f640b6cb74a6fa62d6c399edf0f5b4a1950fa2442c0?s=64&#038;d=mm&#038;r=g 2x' class='avatar avatar-32 photo' height='32' width='32' \/><\/span>\n\t\t\t\t\t\t<span class=\"gb-author-name\"><i class=\"gb-moderator\">Marcin<\/i>\n\t\t\t\t\t\t<\/span>\n\t\t\t\t\t\t<span class=\"gb-author-origin\">\n\t\t\t\t\t\t\t<span class=\"gb-author-origin-from-text\"> z<\/span>\n\t\t\t\t\t\t\t<span class=\"gb-author-origin-text\"> Mi\u0144sk Mazowiecki<\/span>\n\t\t\t\t\t\t<\/span>\n\t\t\t\t\t\t<span class=\"gb-datetime\">\n\t\t\t\t\t\t\t<span class=\"gb-date\"><span class=\"gb-date-wrote-text\"> napisa\u0142\/a<\/span><span class=\"gb-date-text\"> 02\/01\/2022<\/span>\n\t\t\t\t\t\t\t<\/span><span class=\"gb-time\">\n\t\t\t\t\t\t\t\t\t<span class=\"gb-time-at-text\"> o<\/span>\n\t\t\t\t\t\t\t\t\t<span class=\"gb-time-text\"> 09:37<\/span>\n\t\t\t\t\t\t\t\t<\/span>\n\t\t\t\t\t\t<\/span> \n\t\t\t\t\t<\/div>\n\t\t\t\t\t<div class=\"gb-entry-content\">Witam serdecznie,\r\nS\u0142ysza\u0142em dzisiaj audycj\u0119 radiow\u0105 z Panem Prezesem Dobrowolskim. My\u015bl\u0119, \u017ce temat Unit\u00f3w jest godny dalszego rozpropagowywany. Bardzo dzi\u0119kuj\u0119 za t\u0119 audycj\u0119 i licz\u0119 na dalszy ci\u0105g:-)\n\t\t\t\t\t<\/div>\n\t\t\t\t<\/article>\n\t\t\t<\/div>\n\t\t\t<div class=\"gb-entry gb-entry_7 gb-entry-count_2 gwolle_gb_even gwolle-gb-even\" data-entry_id=\"7\">\n\t\t\t\t<article>\n\t\t\t\t\t<div class=\"gb-author-info\">\n\t\t\t\t\t\t<span class=\"gb-author-avatar\"><img referrerpolicy=\"no-referrer\" alt='Marcin' src='https:\/\/secure.gravatar.com\/avatar\/2e9ef00bbb7980d7114c05afa6a08441d702c4e549ff2afce5b8511f8bf45fb8?s=32&#038;d=mm&#038;r=g' srcset='https:\/\/secure.gravatar.com\/avatar\/2e9ef00bbb7980d7114c05afa6a08441d702c4e549ff2afce5b8511f8bf45fb8?s=64&#038;d=mm&#038;r=g 2x' class='avatar avatar-32 photo' height='32' width='32' \/><\/span>\n\t\t\t\t\t\t<span class=\"gb-author-name\"><i class=\"gb-moderator\">Marcin<\/i>\n\t\t\t\t\t\t<\/span>\n\t\t\t\t\t\t<span class=\"gb-datetime\">\n\t\t\t\t\t\t\t<span class=\"gb-date\"><span class=\"gb-date-wrote-text\"> napisa\u0142\/a<\/span><span class=\"gb-date-text\"> 19\/10\/2020<\/span>\n\t\t\t\t\t\t\t<\/span><span class=\"gb-time\">\n\t\t\t\t\t\t\t\t\t<span class=\"gb-time-at-text\"> o<\/span>\n\t\t\t\t\t\t\t\t\t<span class=\"gb-time-text\"> 13:14<\/span>\n\t\t\t\t\t\t\t\t<\/span>\n\t\t\t\t\t\t<\/span> \n\t\t\t\t\t<\/div>\n\t\t\t\t\t<div class=\"gb-entry-content\">Nareszcie Towarzystwo zaistnia\u0142o cyfrowo:)\r\nDobrze by by\u0142o poda\u0107 informacj\u0119 dla os\u00f3b chc\u0105cych wst\u0105pi\u0107 do Towarzystwa. Co i jak zrobi\u0107, z kim nawi\u0105za\u0107 kontakt?\r\nPozdrawiam\n\t\t\t\t\t<\/div>\n\t\t\t\t<\/article>\n\t\t\t<\/div>\n\t\t\t<div class=\"gb-entry gb-entry_4 gb-entry-count_3 gwolle_gb_uneven gwolle-gb-uneven\" data-entry_id=\"4\">\n\t\t\t\t<article>\n\t\t\t\t\t<div class=\"gb-author-info\">\n\t\t\t\t\t\t<span class=\"gb-author-avatar\"><img referrerpolicy=\"no-referrer\" alt='Jaros\u0142aw' src='https:\/\/secure.gravatar.com\/avatar\/7bce337a23d325fa18b70f640b6cb74a6fa62d6c399edf0f5b4a1950fa2442c0?s=32&#038;d=mm&#038;r=g' srcset='https:\/\/secure.gravatar.com\/avatar\/7bce337a23d325fa18b70f640b6cb74a6fa62d6c399edf0f5b4a1950fa2442c0?s=64&#038;d=mm&#038;r=g 2x' class='avatar avatar-32 photo' height='32' width='32' \/><\/span>\n\t\t\t\t\t\t<span class=\"gb-author-name\"><i class=\"gb-moderator\">Jaros\u0142aw<\/i>\n\t\t\t\t\t\t<\/span>\n\t\t\t\t\t\t<span class=\"gb-author-origin\">\n\t\t\t\t\t\t\t<span class=\"gb-author-origin-from-text\"> z<\/span>\n\t\t\t\t\t\t\t<span class=\"gb-author-origin-text\"> Jeziory<\/span>\n\t\t\t\t\t\t<\/span>\n\t\t\t\t\t\t<span class=\"gb-datetime\">\n\t\t\t\t\t\t\t<span class=\"gb-date\"><span class=\"gb-date-wrote-text\"> napisa\u0142\/a<\/span><span class=\"gb-date-text\"> 20\/07\/2019<\/span>\n\t\t\t\t\t\t\t<\/span><span class=\"gb-time\">\n\t\t\t\t\t\t\t\t\t<span class=\"gb-time-at-text\"> o<\/span>\n\t\t\t\t\t\t\t\t\t<span class=\"gb-time-text\"> 13:56<\/span>\n\t\t\t\t\t\t\t\t<\/span>\n\t\t\t\t\t\t<\/span> \n\t\t\t\t\t<\/div>\n\t\t\t\t\t<div class=\"gb-entry-content\">Witam. Dzi\u0119kuj\u0119 za relacje z obchod\u00f3w Bitwy pod Jeziorami. Szkoda, \u017ce zabrak\u0142o miejsca w relacji dla g\u0142\u00f3wnych organizator\u00f3w tego wydarzenia, kt\u00f3rzy w\u0142o\u017cyli ogrom pracy w przygotowania czyli burmistrza i pracownik\u00f3w urz\u0119du miasta i gminy \u0141osice oraz dyrektora i pracownik\u00f3w \u0141osickiego Domu Kultury. Szkoda, \u017ce zabrak\u0142o te\u017c relacji ze spotkania z mieszka\u0144cami nad Jeziorkiem w Jeziorach. Pozdrawiam i do zobaczenia za rok.\n\t\t\t\t\t<\/div>\n\t\t\t\t<\/article>\n\t\t\t<\/div>\n\t\t\t<div class=\"gb-entry gb-entry_3 gb-entry-count_4 gwolle_gb_even gwolle-gb-even\" data-entry_id=\"3\">\n\t\t\t\t<article>\n\t\t\t\t\t<div class=\"gb-author-info\">\n\t\t\t\t\t\t<span class=\"gb-author-avatar\"><img referrerpolicy=\"no-referrer\" alt='Katarzyna' src='https:\/\/secure.gravatar.com\/avatar\/7bce337a23d325fa18b70f640b6cb74a6fa62d6c399edf0f5b4a1950fa2442c0?s=32&#038;d=mm&#038;r=g' srcset='https:\/\/secure.gravatar.com\/avatar\/7bce337a23d325fa18b70f640b6cb74a6fa62d6c399edf0f5b4a1950fa2442c0?s=64&#038;d=mm&#038;r=g 2x' class='avatar avatar-32 photo' height='32' width='32' \/><\/span>\n\t\t\t\t\t\t<span class=\"gb-author-name\"><i class=\"gb-moderator\">Katarzyna<\/i>\n\t\t\t\t\t\t<\/span>\n\t\t\t\t\t\t<span class=\"gb-author-origin\">\n\t\t\t\t\t\t\t<span class=\"gb-author-origin-from-text\"> z<\/span>\n\t\t\t\t\t\t\t<span class=\"gb-author-origin-text\"> Mi\u0144sk Mazowiecki<\/span>\n\t\t\t\t\t\t<\/span>\n\t\t\t\t\t\t<span class=\"gb-datetime\">\n\t\t\t\t\t\t\t<span class=\"gb-date\"><span class=\"gb-date-wrote-text\"> napisa\u0142\/a<\/span><span class=\"gb-date-text\"> 02\/11\/2015<\/span>\n\t\t\t\t\t\t\t<\/span><span class=\"gb-time\">\n\t\t\t\t\t\t\t\t\t<span class=\"gb-time-at-text\"> o<\/span>\n\t\t\t\t\t\t\t\t\t<span class=\"gb-time-text\"> 07:07<\/span>\n\t\t\t\t\t\t\t\t<\/span>\n\t\t\t\t\t\t<\/span> \n\t\t\t\t\t<\/div>\n\t\t\t\t\t<div class=\"gb-entry-content\">Pozdrawiam serdecznie wszystkich cz\u0142onk\u00f3w TPZ\u0141 i bardzo si\u0119 ciesze, \u017ce s\u0105 ludzie, dzi\u0119ki kt\u00f3rym pami\u0119\u0107 o minionych czasach nie przeminie. Dzi\u0119ki Wam, mog\u0119 pozna\u0107 bli\u017cej histori\u0119 miejscowo\u015bci sk\u0105d pochodzi moja Babcia, Dziadek i przynajmniej 7 pokole\u0144 moich przodk\u00f3w.\n\t\t\t\t\t<\/div>\n\t\t\t\t<\/article>\n\t\t\t<\/div>\n\t\t\t<div class=\"gb-entry gb-entry_2 gb-entry-count_5 gwolle_gb_uneven gwolle-gb-uneven\" data-entry_id=\"2\">\n\t\t\t\t<article>\n\t\t\t\t\t<div class=\"gb-author-info\">\n\t\t\t\t\t\t<span class=\"gb-author-avatar\"><img referrerpolicy=\"no-referrer\" alt='Ewa' src='https:\/\/secure.gravatar.com\/avatar\/7bce337a23d325fa18b70f640b6cb74a6fa62d6c399edf0f5b4a1950fa2442c0?s=32&#038;d=mm&#038;r=g' srcset='https:\/\/secure.gravatar.com\/avatar\/7bce337a23d325fa18b70f640b6cb74a6fa62d6c399edf0f5b4a1950fa2442c0?s=64&#038;d=mm&#038;r=g 2x' class='avatar avatar-32 photo' height='32' width='32' \/><\/span>\n\t\t\t\t\t\t<span class=\"gb-author-name\"><i class=\"gb-moderator\">Ewa<\/i>\n\t\t\t\t\t\t<\/span>\n\t\t\t\t\t\t<span class=\"gb-author-origin\">\n\t\t\t\t\t\t\t<span class=\"gb-author-origin-from-text\"> z<\/span>\n\t\t\t\t\t\t\t<span class=\"gb-author-origin-text\"> Krak\u00f3w<\/span>\n\t\t\t\t\t\t<\/span>\n\t\t\t\t\t\t<span class=\"gb-datetime\">\n\t\t\t\t\t\t\t<span class=\"gb-date\"><span class=\"gb-date-wrote-text\"> napisa\u0142\/a<\/span><span class=\"gb-date-text\"> 29\/09\/2014<\/span>\n\t\t\t\t\t\t\t<\/span><span class=\"gb-time\">\n\t\t\t\t\t\t\t\t\t<span class=\"gb-time-at-text\"> o<\/span>\n\t\t\t\t\t\t\t\t\t<span class=\"gb-time-text\"> 17:07<\/span>\n\t\t\t\t\t\t\t\t<\/span>\n\t\t\t\t\t\t<\/span> \n\t\t\t\t\t<\/div>\n\t\t\t\t\t<div class=\"gb-entry-content\">Pozdrawiam serdecznie Przyjaci\u00f3\u0142 z TPZ\u0141, poznanych 29.06.2014 r. - Ewa Kuhn-Dyczkowska, wnuczka dr. Witolda Wr\u00f3blewskiego\n\t\t\t\t\t<\/div>\n\t\t\t\t<\/article>\n\t\t\t<\/div>\n\t\t\t<div class=\"gb-entry gb-entry_1 gb-entry-count_6 gwolle_gb_even gwolle-gb-even\" data-entry_id=\"1\">\n\t\t\t\t<article>\n\t\t\t\t\t<div class=\"gb-author-info\">\n\t\t\t\t\t\t<span class=\"gb-author-avatar\"><img referrerpolicy=\"no-referrer\" alt='Tolek' src='https:\/\/secure.gravatar.com\/avatar\/9ad1c4ac5ae92d702ffe5bcb2bbe2d598c14a6ffec4d02f6544fe6ab63d7c15e?s=32&#038;d=mm&#038;r=g' srcset='https:\/\/secure.gravatar.com\/avatar\/9ad1c4ac5ae92d702ffe5bcb2bbe2d598c14a6ffec4d02f6544fe6ab63d7c15e?s=64&#038;d=mm&#038;r=g 2x' class='avatar avatar-32 photo' height='32' width='32' \/><\/span>\n\t\t\t\t\t\t<span class=\"gb-author-name\"><i class=\"gb-moderator\">Tolek<\/i>\n\t\t\t\t\t\t<\/span>\n\t\t\t\t\t\t<span class=\"gb-author-origin\">\n\t\t\t\t\t\t\t<span class=\"gb-author-origin-from-text\"> z<\/span>\n\t\t\t\t\t\t\t<span class=\"gb-author-origin-text\"> Krak\u00f3w<\/span>\n\t\t\t\t\t\t<\/span>\n\t\t\t\t\t\t<span class=\"gb-datetime\">\n\t\t\t\t\t\t\t<span class=\"gb-date\"><span class=\"gb-date-wrote-text\"> napisa\u0142\/a<\/span><span class=\"gb-date-text\"> 11\/09\/2014<\/span>\n\t\t\t\t\t\t\t<\/span><span class=\"gb-time\">\n\t\t\t\t\t\t\t\t\t<span class=\"gb-time-at-text\"> o<\/span>\n\t\t\t\t\t\t\t\t\t<span class=\"gb-time-text\"> 12:40<\/span>\n\t\t\t\t\t\t\t\t<\/span>\n\t\t\t\t\t\t<\/span> \n\t\t\t\t\t<\/div>\n\t\t\t\t\t<div class=\"gb-entry-content\">Pozdrawiam Tomka Dobrowolskiego (chodzi\u0142em z Nim do szko\u0142y podstawowej na ul Bialskiej)i wszystkich Prawych \u0141osiczan.\n\t\t\t\t\t<\/div>\n\t\t\t\t<\/article>\n\t\t\t<\/div>\n\t\t\t<div class=\"gb-entry gb-entry_6 gb-entry-count_7 gwolle_gb_uneven gwolle-gb-uneven\" data-entry_id=\"6\">\n\t\t\t\t<article>\n\t\t\t\t\t<div class=\"gb-author-info\">\n\t\t\t\t\t\t<span class=\"gb-author-avatar\"><img referrerpolicy=\"no-referrer\" alt='Stefan Sza\u0144kowski' src='https:\/\/secure.gravatar.com\/avatar\/2e9ef00bbb7980d7114c05afa6a08441d702c4e549ff2afce5b8511f8bf45fb8?s=32&#038;d=mm&#038;r=g' srcset='https:\/\/secure.gravatar.com\/avatar\/2e9ef00bbb7980d7114c05afa6a08441d702c4e549ff2afce5b8511f8bf45fb8?s=64&#038;d=mm&#038;r=g 2x' class='avatar avatar-32 photo' height='32' width='32' \/><\/span>\n\t\t\t\t\t\t<span class=\"gb-author-name\"><i class=\"gb-moderator\">Stefan Sza\u0144kowski<\/i>\n\t\t\t\t\t\t<\/span>\n\t\t\t\t\t\t<span class=\"gb-author-origin\">\n\t\t\t\t\t\t\t<span class=\"gb-author-origin-from-text\"> z<\/span>\n\t\t\t\t\t\t\t<span class=\"gb-author-origin-text\"> \u0141osice<\/span>\n\t\t\t\t\t\t<\/span>\n\t\t\t\t\t\t<span class=\"gb-datetime\">\n\t\t\t\t\t\t\t<span class=\"gb-date\"><span class=\"gb-date-wrote-text\"> napisa\u0142\/a<\/span><span class=\"gb-date-text\"> 24\/08\/2010<\/span>\n\t\t\t\t\t\t\t<\/span><span class=\"gb-time\">\n\t\t\t\t\t\t\t\t\t<span class=\"gb-time-at-text\"> o<\/span>\n\t\t\t\t\t\t\t\t\t<span class=\"gb-time-text\"> 15:12<\/span>\n\t\t\t\t\t\t\t\t<\/span>\n\t\t\t\t\t\t<\/span> \n\t\t\t\t\t<\/div>\n\t\t\t\t\t<div class=\"gb-entry-content\">Dobrze! Przejrzysta i elegancko! Zapraszam do wsp\u00f3\u0142tworzenia tej strony! Wasze wpisy i oczekiwania niech b\u0119d\u0105 podstaw\u0105 tworzenia otwartych dzia\u0142a\u0144 naszego Towarzystwa! \ud83d\ude09 8)\n\t\t\t\t\t<\/div>\n\t\t\t\t<\/article>\n\t\t\t<\/div>\n\t\t\t<\/div><\/div>\n\n\n\n<p><\/p>\n","protected":false},"excerpt":{"rendered":"","protected":false},"author":1,"featured_media":0,"parent":0,"menu_order":0,"comment_status":"closed","ping_status":"closed","template":"","meta":{"footnotes":""},"class_list":["post-67","page","type-page","status-publish","hentry"],"_links":{"self":[{"href":"https:\/\/tpzl.info\/index.php\/wp-json\/wp\/v2\/pages\/67","targetHints":{"allow":["GET"]}}],"collection":[{"href":"https:\/\/tpzl.info\/index.php\/wp-json\/wp\/v2\/pages"}],"about":[{"href":"https:\/\/tpzl.info\/index.php\/wp-json\/wp\/v2\/types\/page"}],"author":[{"embeddable":true,"href":"https:\/\/tpzl.info\/index.php\/wp-json\/wp\/v2\/users\/1"}],"replies":[{"embeddable":true,"href":"https:\/\/tpzl.info\/index.php\/wp-json\/wp\/v2\/comments?post=67"}],"version-history":[{"count":1,"href":"https:\/\/tpzl.info\/index.php\/wp-json\/wp\/v2\/pages\/67\/revisions"}],"predecessor-version":[{"id":69,"href":"https:\/\/tpzl.info\/index.php\/wp-json\/wp\/v2\/pages\/67\/revisions\/69"}],"wp:attachment":[{"href":"https:\/\/tpzl.info\/index.php\/wp-json\/wp\/v2\/media?parent=67"}],"curies":[{"name":"wp","href":"https:\/\/api.w.org\/{rel}","templated":true}]}}